{"id":698,"date":"2015-10-21T14:11:08","date_gmt":"2015-10-21T14:11:08","guid":{"rendered":"https:\/\/sicay.net\/en\/?page_id=698"},"modified":"2015-12-10T16:09:27","modified_gmt":"2015-12-10T16:09:27","slug":"contactez-nous","status":"publish","type":"page","link":"https:\/\/sicay.net\/en\/contactez-nous\/","title":{"rendered":"Contactez-nous!"},"content":{"rendered":"<p>[et_pb_section admin_label=&#8221;section&#8221; fullwidth=&#8221;on&#8221; specialty=&#8221;off&#8221; transparent_background=&#8221;off&#8221; background_color=&#8221;#ffffff&#8221; inner_shadow=&#8221;off&#8221; parallax=&#8221;off&#8221; parallax_method=&#8221;off&#8221;][et_pb_fullwidth_slider admin_label=&#8221;Fullwidth Slider&#8221; show_arrows=&#8221;on&#8221; show_pagination=&#8221;on&#8221; auto=&#8221;off&#8221; parallax=&#8221;off&#8221; parallax_method=&#8221;off&#8221;] [et_pb_slide heading=&#8221;Vous aimeriez nous parler de votre projet?&#8221; background_image=&#8221;https:\/\/sicay.net\/wp-content\/uploads\/2015\/02\/sicay-medias-sociaux1.jpg&#8221; background_color=&#8221;#ffffff&#8221; alignment=&#8221;center&#8221; background_layout=&#8221;dark&#8221;]Notre \u00e9quipe n&#8217;est jamais bien loin! Contactez-nous et il nous fera plaisir de discuter avec vous. Nous serons heureux de faire votre connaissance.[\/et_pb_slide] [\/et_pb_fullwidth_slider][\/et_pb_section][et_pb_section admin_label=&#8221;Section&#8221; fullwidth=&#8221;off&#8221; specialty=&#8221;off&#8221; transparent_background=&#8221;off&#8221; background_color=&#8221;#309ccf&#8221; allow_player_pause=&#8221;off&#8221; inner_shadow=&#8221;off&#8221; parallax=&#8221;off&#8221; parallax_method=&#8221;off&#8221; padding_mobile=&#8221;off&#8221; make_fullwidth=&#8221;off&#8221; use_custom_width=&#8221;off&#8221; width_unit=&#8221;on&#8221; make_equal=&#8221;off&#8221; use_custom_gutter=&#8221;off&#8221;][et_pb_row admin_label=&#8221;Ligne&#8221;][et_pb_column type=&#8221;4_4&#8243;][et_pb_text admin_label=&#8221;Texte&#8221; background_layout=&#8221;dark&#8221; text_orientation=&#8221;center&#8221; use_border_color=&#8221;off&#8221; border_color=&#8221;#ffffff&#8221; border_style=&#8221;solid&#8221;]<\/p>\n<h2><b>Sicay<\/b> est la solution pour vos besoins de <b>conception web<\/b> et <b>design graphique<\/b> \u00e0 <b>Saint-hyacinthe<\/b> et sur la <b>Rive-Sud de Montr\u00e9al<\/b>.<\/h2>\n<p>[\/et_pb_text][\/et_pb_column][\/et_pb_row][\/et_pb_section][et_pb_section admin_label=&#8221;section&#8221; fullwidth=&#8221;off&#8221;][et_pb_row admin_label=&#8221;row&#8221;][et_pb_column type=&#8221;2_3&#8243;][et_pb_contact_form admin_label=&#8221;Contact Form&#8221; captcha=&#8221;off&#8221; title=&#8221;PARLEZ NOUS DE VOTRE PROJET!&#8221; email=&#8221;i&#110;&#102;&#111;&#x40;&#x73;&#x69;ca&#121;&#46;&#x63;&#x61;&#8221; use_border_color=&#8221;off&#8221; border_color=&#8221;#ffffff&#8221; border_style=&#8221;solid&#8221; custom_button=&#8221;off&#8221; button_letter_spacing=&#8221;0&#8243; button_use_icon=&#8221;default&#8221; button_icon_placement=&#8221;right&#8221; button_on_hover=&#8221;on&#8221; button_letter_spacing_hover=&#8221;0&#8243;] [\/et_pb_contact_form][\/et_pb_column][et_pb_column type=&#8221;1_3&#8243;][et_pb_text admin_label=&#8221;Text&#8221; background_layout=&#8221;light&#8221; text_orientation=&#8221;left&#8221;]<\/p>\n<h3>Comment nous joindre:<\/h3>\n<p><a href=\"&#109;&#97;&#x69;l&#116;&#x6f;&#x3a;i&#110;&#x66;&#x6f;&#64;&#115;&#x69;&#x63;a&#121;&#x2e;&#x63;a\">&#x69;&#110;&#102;o&#x40;&#x73;&#105;c&#x61;&#x79;&#46;c&#x61;<\/a><\/p>\n<p>R\u00e9gion de Saint-Hyacinthe : 450-252-7188<br \/>\nMontr\u00e9al et Rive-Sud : 514-968-7188<\/p>\n<p>2185, Rue Normand<br \/>\nSte-Madeleine, Qu\u00e9bec<br \/>\nJ0H 1S0<\/p>\n<p>[\/et_pb_text][\/et_pb_column][\/et_pb_row][\/et_pb_section]<\/p>\n<span class=\"et_bloom_bottom_trigger\"><\/span>","protected":false},"excerpt":{"rendered":"<p>Notre \u00e9quipe n&#8217;est jamais bien loin! Contactez-nous et il nous fera plaisir de discuter avec vous. Nous serons heureux de faire votre connaissance. Sicay est la solution pour vos besoins de conception web et design graphique \u00e0 Saint-hyacinthe et sur la Rive-Sud de Montr\u00e9al. Comment nous joindre: in&#102;&#111;&#64;&#115;&#x69;&#x63;&#x61;&#x79;&#x2e;ca R\u00e9gion de Saint-Hyacinthe : 450-252-7188 Montr\u00e9al et [&hellip;]<\/p>\n","protected":false},"author":1,"featured_media":0,"parent":0,"menu_order":0,"comment_status":"open","ping_status":"open","template":"","meta":{"_et_pb_use_builder":"on","_et_pb_old_content":"","_et_gb_content_width":"","footnotes":""},"class_list":["post-698","page","type-page","status-publish","hentry"],"yoast_head":"<!-- This site is optimized with the Yoast SEO plugin v27.3 - https:\/\/yoast.com\/product\/yoast-seo-wordpress\/ -->\n<title>Contactez-nous! - Sicay<\/title>\n<meta name=\"robots\" content=\"index, follow, max-snippet:-1, max-image-preview:large, max-video-preview:-1\" \/>\n<link rel=\"canonical\" href=\"https:\/\/sicay.net\/en\/contactez-nous\/\" \/>\n<meta property=\"og:locale\" content=\"en_US\" \/>\n<meta property=\"og:type\" content=\"article\" \/>\n<meta property=\"og:title\" content=\"Contactez-nous! - Sicay\" \/>\n<meta property=\"og:description\" content=\"Notre \u00e9quipe n&#039;est jamais bien loin! Contactez-nous et il nous fera plaisir de discuter avec vous. Nous serons heureux de faire votre connaissance. Sicay est la solution pour vos besoins de conception web et design graphique \u00e0 Saint-hyacinthe et sur la Rive-Sud de Montr\u00e9al. Comment nous joindre: info@sicay.ca R\u00e9gion de Saint-Hyacinthe : 450-252-7188 Montr\u00e9al et [&hellip;]\" \/>\n<meta property=\"og:url\" content=\"https:\/\/sicay.net\/en\/contactez-nous\/\" \/>\n<meta property=\"og:site_name\" content=\"Sicay\" \/>\n<meta property=\"article:publisher\" content=\"https:\/\/www.facebook.com\/sicay.ca\/\" \/>\n<meta property=\"article:modified_time\" content=\"2015-12-10T16:09:27+00:00\" \/>\n<meta name=\"twitter:card\" content=\"summary_large_image\" \/>\n<meta name=\"twitter:label1\" content=\"Est. reading time\" \/>\n\t<meta name=\"twitter:data1\" content=\"2 minutes\" \/>\n<script type=\"application\/ld+json\" class=\"yoast-schema-graph\">{\"@context\":\"https:\\\/\\\/schema.org\",\"@graph\":[{\"@type\":\"WebPage\",\"@id\":\"https:\\\/\\\/sicay.net\\\/en\\\/contactez-nous\\\/\",\"url\":\"https:\\\/\\\/sicay.net\\\/en\\\/contactez-nous\\\/\",\"name\":\"Contactez-nous! - Sicay\",\"isPartOf\":{\"@id\":\"https:\\\/\\\/sicay.net\\\/#website\"},\"datePublished\":\"2015-10-21T14:11:08+00:00\",\"dateModified\":\"2015-12-10T16:09:27+00:00\",\"breadcrumb\":{\"@id\":\"https:\\\/\\\/sicay.net\\\/en\\\/contactez-nous\\\/#breadcrumb\"},\"inLanguage\":\"en-US\",\"potentialAction\":[{\"@type\":\"ReadAction\",\"target\":[\"https:\\\/\\\/sicay.net\\\/en\\\/contactez-nous\\\/\"]}]},{\"@type\":\"BreadcrumbList\",\"@id\":\"https:\\\/\\\/sicay.net\\\/en\\\/contactez-nous\\\/#breadcrumb\",\"itemListElement\":[{\"@type\":\"ListItem\",\"position\":1,\"name\":\"Accueil\",\"item\":\"https:\\\/\\\/sicay.net\\\/en\\\/\"},{\"@type\":\"ListItem\",\"position\":2,\"name\":\"Contactez-nous!\"}]},{\"@type\":\"WebSite\",\"@id\":\"https:\\\/\\\/sicay.net\\\/#website\",\"url\":\"https:\\\/\\\/sicay.net\\\/\",\"name\":\"Sicay\",\"description\":\"Just another WordPress site\",\"potentialAction\":[{\"@type\":\"SearchAction\",\"target\":{\"@type\":\"EntryPoint\",\"urlTemplate\":\"https:\\\/\\\/sicay.net\\\/?s={search_term_string}\"},\"query-input\":{\"@type\":\"PropertyValueSpecification\",\"valueRequired\":true,\"valueName\":\"search_term_string\"}}],\"inLanguage\":\"en-US\"}]}<\/script>\n<!-- \/ Yoast SEO plugin. -->","yoast_head_json":{"title":"Contactez-nous! - Sicay","robots":{"index":"index","follow":"follow","max-snippet":"max-snippet:-1","max-image-preview":"max-image-preview:large","max-video-preview":"max-video-preview:-1"},"canonical":"https:\/\/sicay.net\/en\/contactez-nous\/","og_locale":"en_US","og_type":"article","og_title":"Contactez-nous! - Sicay","og_description":"Notre \u00e9quipe n'est jamais bien loin! Contactez-nous et il nous fera plaisir de discuter avec vous. Nous serons heureux de faire votre connaissance. Sicay est la solution pour vos besoins de conception web et design graphique \u00e0 Saint-hyacinthe et sur la Rive-Sud de Montr\u00e9al. Comment nous joindre: info@sicay.ca R\u00e9gion de Saint-Hyacinthe : 450-252-7188 Montr\u00e9al et [&hellip;]","og_url":"https:\/\/sicay.net\/en\/contactez-nous\/","og_site_name":"Sicay","article_publisher":"https:\/\/www.facebook.com\/sicay.ca\/","article_modified_time":"2015-12-10T16:09:27+00:00","twitter_card":"summary_large_image","twitter_misc":{"Est. reading time":"2 minutes"},"schema":{"@context":"https:\/\/schema.org","@graph":[{"@type":"WebPage","@id":"https:\/\/sicay.net\/en\/contactez-nous\/","url":"https:\/\/sicay.net\/en\/contactez-nous\/","name":"Contactez-nous! - Sicay","isPartOf":{"@id":"https:\/\/sicay.net\/#website"},"datePublished":"2015-10-21T14:11:08+00:00","dateModified":"2015-12-10T16:09:27+00:00","breadcrumb":{"@id":"https:\/\/sicay.net\/en\/contactez-nous\/#breadcrumb"},"inLanguage":"en-US","potentialAction":[{"@type":"ReadAction","target":["https:\/\/sicay.net\/en\/contactez-nous\/"]}]},{"@type":"BreadcrumbList","@id":"https:\/\/sicay.net\/en\/contactez-nous\/#breadcrumb","itemListElement":[{"@type":"ListItem","position":1,"name":"Accueil","item":"https:\/\/sicay.net\/en\/"},{"@type":"ListItem","position":2,"name":"Contactez-nous!"}]},{"@type":"WebSite","@id":"https:\/\/sicay.net\/#website","url":"https:\/\/sicay.net\/","name":"Sicay","description":"Just another WordPress site","potentialAction":[{"@type":"SearchAction","target":{"@type":"EntryPoint","urlTemplate":"https:\/\/sicay.net\/?s={search_term_string}"},"query-input":{"@type":"PropertyValueSpecification","valueRequired":true,"valueName":"search_term_string"}}],"inLanguage":"en-US"}]}},"amp_enabled":true,"_links":{"self":[{"href":"https:\/\/sicay.net\/en\/wp-json\/wp\/v2\/pages\/698","targetHints":{"allow":["GET"]}}],"collection":[{"href":"https:\/\/sicay.net\/en\/wp-json\/wp\/v2\/pages"}],"about":[{"href":"https:\/\/sicay.net\/en\/wp-json\/wp\/v2\/types\/page"}],"author":[{"embeddable":true,"href":"https:\/\/sicay.net\/en\/wp-json\/wp\/v2\/users\/1"}],"replies":[{"embeddable":true,"href":"https:\/\/sicay.net\/en\/wp-json\/wp\/v2\/comments?post=698"}],"version-history":[{"count":2,"href":"https:\/\/sicay.net\/en\/wp-json\/wp\/v2\/pages\/698\/revisions"}],"predecessor-version":[{"id":828,"href":"https:\/\/sicay.net\/en\/wp-json\/wp\/v2\/pages\/698\/revisions\/828"}],"wp:attachment":[{"href":"https:\/\/sicay.net\/en\/wp-json\/wp\/v2\/media?parent=698"}],"curies":[{"name":"wp","href":"https:\/\/api.w.org\/{rel}","templated":true}]}}