{"id":701,"date":"2015-10-21T14:12:16","date_gmt":"2015-10-21T14:12:16","guid":{"rendered":"https:\/\/sicay.net\/en\/?page_id=701"},"modified":"2015-10-21T14:13:06","modified_gmt":"2015-10-21T14:13:06","slug":"creation-de-site-web","status":"publish","type":"page","link":"https:\/\/sicay.net\/en\/creation-de-site-web\/","title":{"rendered":"Cr\u00e9ation de site web"},"content":{"rendered":"<p>[et_pb_section admin_label=&#8221;section&#8221; fullwidth=&#8221;on&#8221; transparent_background=&#8221;on&#8221; background_color=&#8221;#ffffff&#8221; inner_shadow=&#8221;off&#8221; parallax=&#8221;off&#8221; parallax_method=&#8221;off&#8221;][et_pb_fullwidth_slider admin_label=&#8221;Fullwidth Slider&#8221; show_arrows=&#8221;off&#8221; show_pagination=&#8221;off&#8221; auto=&#8221;off&#8221; parallax=&#8221;on&#8221; parallax_method=&#8221;off&#8221; auto_ignore_hover=&#8221;off&#8221; remove_inner_shadow=&#8221;off&#8221; background_position=&#8221;default&#8221; background_size=&#8221;default&#8221; hide_content_on_mobile=&#8221;off&#8221; hide_cta_on_mobile=&#8221;off&#8221; show_image_video_mobile=&#8221;off&#8221; custom_button=&#8221;off&#8221; button_letter_spacing=&#8221;0&#8243; button_use_icon=&#8221;default&#8221; button_icon_placement=&#8221;right&#8221; button_on_hover=&#8221;on&#8221; button_letter_spacing_hover=&#8221;0&#8243;]<\/p>\n<p>[et_pb_slide background_color=&#8221;#ffffff&#8221; alignment=&#8221;center&#8221; background_layout=&#8221;dark&#8221; video_bg_width=&#8221;1920&#8243; video_bg_height=&#8221;638&#8243; background_image=&#8221;https:\/\/sicay.net\/wp-content\/uploads\/2015\/03\/Sicay-Conception-site-web-Conception-graphique.jpg&#8221; background_position=&#8221;default&#8221; background_size=&#8221;default&#8221; allow_player_pause=&#8221;off&#8221; header_font_select=&#8221;default&#8221; body_font_select=&#8221;default&#8221; custom_button=&#8221;off&#8221; button_font_select=&#8221;default&#8221; button_use_icon=&#8221;default&#8221; button_icon_placement=&#8221;right&#8221; button_on_hover=&#8221;on&#8221; image_alt=&#8221;Cr\u00e9ation de site web Design Web Design graphique&#8221;]<\/p>\n<h1>Cr\u00e9ation de site web et design web sur mesure!<\/h1>\n<p>Notre \u00e9quipe saura r\u00e9pondre \u00e0 tous vos besoins pour votre <b>cr\u00e9ation de site web<\/b> ou votre <b>design web<\/b>. Selon vos besoins et en fonction de votre march\u00e9 cible, nous nous engageons \u00e0 vous offrir des services de grandes qualit\u00e9s pour rentabiliser votre investissement.<\/p>\n<p>[\/et_pb_slide]<\/p>\n<p>[\/et_pb_fullwidth_slider][\/et_pb_section][et_pb_section admin_label=&#8221;section&#8221; fullwidth=&#8221;off&#8221;][et_pb_row admin_label=&#8221;row&#8221;][et_pb_column type=&#8221;1_3&#8243;][et_pb_blurb admin_label=&#8221;Blurb&#8221; title=&#8221;Design Web&#8221; url_new_window=&#8221;off&#8221; animation=&#8221;off&#8221; background_layout=&#8221;light&#8221; text_orientation=&#8221;left&#8221; icon_placement=&#8221;left&#8221; font_icon=&#8221;\ue0dc&#8221; use_icon=&#8221;on&#8221; use_circle=&#8221;off&#8221; use_circle_border=&#8221;off&#8221; icon_color=&#8221;#309ccf&#8221; circle_color=&#8221;#7c4dd5&#8243; circle_border_color=&#8221;#2caaca&#8221; use_icon_font_size=&#8221;off&#8221; use_border_color=&#8221;off&#8221; border_color=&#8221;#ffffff&#8221; border_style=&#8221;solid&#8221;]<\/p>\n<p>Une <strong>cr\u00e9ation de site web<\/strong> avec un\u00a0<strong>design web<\/strong> personnalis\u00e9 selon vos besoins. \u00a0Un <strong>design web<\/strong> \u00e0 l&#8217;aff\u00fbt des derni\u00e8res tendances et un <strong>design web<\/strong> optimis\u00e9 pour l&#8217;<strong>exp\u00e9rience utilisateur<\/strong>. Laissez votre <b>cr\u00e9ation de site web<\/b> \u00e0 Sicay et soyez pr\u00eat \u00e0 faire votre place sur le web!<\/p>\n<p>[\/et_pb_blurb][\/et_pb_column][et_pb_column type=&#8221;1_3&#8243;][et_pb_blurb admin_label=&#8221;Blurb&#8221; title=&#8221;Cr\u00e9ation de site web&#8221; url_new_window=&#8221;off&#8221; animation=&#8221;off&#8221; background_layout=&#8221;light&#8221; text_orientation=&#8221;left&#8221; icon_placement=&#8221;left&#8221; font_icon=&#8221;\ue104&#8221; use_icon=&#8221;on&#8221; use_circle=&#8221;off&#8221; use_circle_border=&#8221;off&#8221; icon_color=&#8221;#309ccf&#8221; circle_color=&#8221;#7c4dd5&#8243; circle_border_color=&#8221;#2caaca&#8221; use_icon_font_size=&#8221;off&#8221; use_border_color=&#8221;off&#8221; border_color=&#8221;#ffffff&#8221; border_style=&#8221;solid&#8221;]<\/p>\n<p>Chez Sicay, vous obtiendrez une <strong>cr\u00e9ation de site web<\/strong> \u00e0 la hauteur de vos attentes! Avec un <strong>design web<\/strong> enti\u00e8rement personnalis\u00e9, Sicay vous offre une <b>cr\u00e9ation de site web<\/b> qui rentabilisera votre investissement et rejoindra directement votre client\u00e8le.<\/p>\n<p>[\/et_pb_blurb][\/et_pb_column][et_pb_column type=&#8221;1_3&#8243;][et_pb_blurb admin_label=&#8221;Blurb&#8221; title=&#8221;Optimisation de site web&#8221; url_new_window=&#8221;off&#8221; animation=&#8221;off&#8221; background_layout=&#8221;light&#8221; text_orientation=&#8221;left&#8221; icon_placement=&#8221;left&#8221; font_icon=&#8221;\ue029&#8221; use_icon=&#8221;on&#8221; use_circle=&#8221;off&#8221; use_circle_border=&#8221;off&#8221; icon_color=&#8221;#309ccf&#8221; circle_color=&#8221;#7c4dd5&#8243; circle_border_color=&#8221;#2caaca&#8221; use_icon_font_size=&#8221;off&#8221; use_border_color=&#8221;off&#8221; border_color=&#8221;#ffffff&#8221; border_style=&#8221;solid&#8221;]<\/p>\n<p>En optant pour une <strong>cr\u00e9ation de site web<\/strong> chez <strong>Sicay<\/strong> vos optez \u00e0 la fois pour une <strong>optimisation web<\/strong> compl\u00e8te du contenu et de la structure de votre site. Nous nous engageons \u00e0 maximiser la visibilit\u00e9 et l&#8217;accessibilit\u00e9 \u00e0 tous les niveaux de votre <strong>site web<\/strong>.<\/p>\n<p>[\/et_pb_blurb][\/et_pb_column][\/et_pb_row][et_pb_row admin_label=&#8221;row&#8221;][et_pb_column type=&#8221;1_3&#8243;][et_pb_blurb admin_label=&#8221;Blurb&#8221; title=&#8221;Programmation web&#8221; url_new_window=&#8221;off&#8221; animation=&#8221;off&#8221; background_layout=&#8221;light&#8221; text_orientation=&#8221;left&#8221; icon_placement=&#8221;left&#8221; font_icon=&#8221;\ue0df&#8221; use_icon=&#8221;on&#8221; use_circle=&#8221;off&#8221; use_circle_border=&#8221;off&#8221; icon_color=&#8221;#309ccf&#8221; circle_color=&#8221;#7c4dd5&#8243; circle_border_color=&#8221;#2caaca&#8221; use_icon_font_size=&#8221;off&#8221; use_border_color=&#8221;off&#8221; border_color=&#8221;#ffffff&#8221; border_style=&#8221;solid&#8221;]<\/p>\n<p>De la simple <strong>cr\u00e9ation de site web<\/strong> \u00e0 la <strong>programmation<\/strong> d\u2019applications web les plus complexes, Sicay vous offre un service de <strong>programmation<\/strong> par un <strong>programmeur<\/strong> chevronn\u00e9 en <strong>PHP<\/strong>, <strong>JavaScript<\/strong> et autre <strong>langage de programmation<\/strong>.<\/p>\n<p>[\/et_pb_blurb][\/et_pb_column][et_pb_column type=&#8221;1_3&#8243;][et_pb_blurb admin_label=&#8221;Blurb&#8221; title=&#8221;Conception de site e-commerce&#8221; url_new_window=&#8221;off&#8221; animation=&#8221;off&#8221; background_layout=&#8221;light&#8221; text_orientation=&#8221;left&#8221; icon_placement=&#8221;left&#8221; font_icon=&#8221;\ue07a&#8221; use_icon=&#8221;on&#8221; use_circle=&#8221;off&#8221; use_circle_border=&#8221;off&#8221; icon_color=&#8221;#309ccf&#8221; circle_color=&#8221;#7c4dd5&#8243; circle_border_color=&#8221;#2caaca&#8221; use_icon_font_size=&#8221;off&#8221; use_border_color=&#8221;off&#8221; border_color=&#8221;#ffffff&#8221; border_style=&#8221;solid&#8221;]<\/p>\n<p>Sicay vous offre une conception de site e-commerce pour votre entreprise! Notre \u00e9quipe d\u2019experts peut vous doter d&#8217;un site e-commerce en-ligne des plus performant qui s\u2019aura rejoindre votre client\u00e8le existante et m\u00eame \u00e9largir celle-ci.<\/p>\n<p>[\/et_pb_blurb][\/et_pb_column][et_pb_column type=&#8221;1_3&#8243;][et_pb_blurb admin_label=&#8221;Blurb&#8221; title=&#8221;Gestionnaire de contenu&#8221; url_new_window=&#8221;off&#8221; animation=&#8221;off&#8221; background_layout=&#8221;light&#8221; text_orientation=&#8221;left&#8221; icon_placement=&#8221;left&#8221; font_icon=&#8221;\ue005&#8221; use_icon=&#8221;on&#8221; use_circle=&#8221;off&#8221; use_circle_border=&#8221;off&#8221; icon_color=&#8221;#309ccf&#8221; circle_color=&#8221;#7c4dd5&#8243; circle_border_color=&#8221;#2caaca&#8221; use_icon_font_size=&#8221;off&#8221; use_border_color=&#8221;off&#8221; border_color=&#8221;#ffffff&#8221; border_style=&#8221;solid&#8221;]<\/p>\n<p>Sicay vous offre une <strong>cr\u00e9ation de site web<\/strong> avec <strong>gestionnaire de contenu<\/strong>. \u00a0Une simple formation par nos experts vous permettra de g\u00e9rer votre propre <strong>site web<\/strong>.<\/p>\n<p>[\/et_pb_blurb][\/et_pb_column][\/et_pb_row][\/et_pb_section][et_pb_section admin_label=&#8221;section&#8221; fullwidth=&#8221;on&#8221; specialty=&#8221;off&#8221;][et_pb_fullwidth_portfolio admin_label=&#8221;Fullwidth Portfolio&#8221; fullwidth=&#8221;on&#8221; include_categories=&#8221;2&#8243; show_title=&#8221;on&#8221; show_date=&#8221;off&#8221; background_layout=&#8221;light&#8221; auto=&#8221;off&#8221;]<\/p>\n<p>[\/et_pb_fullwidth_portfolio][\/et_pb_section][et_pb_section admin_label=&#8221;section&#8221; fullwidth=&#8221;off&#8221; inner_shadow=&#8221;off&#8221; parallax=&#8221;off&#8221; transparent_background=&#8221;off&#8221; parallax_method=&#8221;off&#8221; background_color=&#8221;#747474&#8243;][et_pb_row admin_label=&#8221;row&#8221;][et_pb_column type=&#8221;4_4&#8243;][et_pb_cta admin_label=&#8221;Call To Action&#8221; button_url=&#8221;https:\/\/sicay.net\/contactez-nous\/&#8221; button_text=&#8221;Contactez notre \u00e9quipe!&#8221; background_color=&#8221;#7ebec5&#8243; use_background_color=&#8221;off&#8221; background_layout=&#8221;dark&#8221; text_orientation=&#8221;center&#8221; title=&#8221;Pour une cr\u00e9ation de site web \u00e0 votre image!&#8221; url_new_window=&#8221;off&#8221; use_border_color=&#8221;off&#8221; border_color=&#8221;#ffffff&#8221; border_style=&#8221;solid&#8221; custom_button=&#8221;off&#8221; button_letter_spacing=&#8221;0&#8243; button_use_icon=&#8221;default&#8221; button_icon_placement=&#8221;right&#8221; button_on_hover=&#8221;on&#8221; button_letter_spacing_hover=&#8221;0&#8243;]<\/p>\n<h1><\/h1>\n<p>[\/et_pb_cta][\/et_pb_column][\/et_pb_row][\/et_pb_section]<\/p>\n<span class=\"et_bloom_bottom_trigger\"><\/span>","protected":false},"excerpt":{"rendered":"<p>Cr\u00e9ation de site web et design web sur mesure! Notre \u00e9quipe saura r\u00e9pondre \u00e0 tous vos besoins pour votre cr\u00e9ation de site web ou votre design web. Selon vos besoins et en fonction de votre march\u00e9 cible, nous nous engageons \u00e0 vous offrir des services de grandes qualit\u00e9s pour rentabiliser votre investissement. Une cr\u00e9ation de [&hellip;]<\/p>\n","protected":false},"author":1,"featured_media":0,"parent":0,"menu_order":0,"comment_status":"open","ping_status":"open","template":"","meta":{"_et_pb_use_builder":"on","_et_pb_old_content":"","_et_gb_content_width":"","footnotes":""},"class_list":["post-701","page","type-page","status-publish","hentry"],"yoast_head":"<!-- This site is optimized with the Yoast SEO plugin v27.3 - https:\/\/yoast.com\/product\/yoast-seo-wordpress\/ -->\n<title>Cr\u00e9ation de site web - Sicay<\/title>\n<meta name=\"robots\" content=\"index, follow, max-snippet:-1, max-image-preview:large, max-video-preview:-1\" \/>\n<link rel=\"canonical\" href=\"https:\/\/sicay.net\/en\/creation-de-site-web\/\" \/>\n<meta property=\"og:locale\" content=\"en_US\" \/>\n<meta property=\"og:type\" content=\"article\" \/>\n<meta property=\"og:title\" content=\"Cr\u00e9ation de site web - Sicay\" \/>\n<meta property=\"og:description\" content=\"Cr\u00e9ation de site web et design web sur mesure! Notre \u00e9quipe saura r\u00e9pondre \u00e0 tous vos besoins pour votre cr\u00e9ation de site web ou votre design web. Selon vos besoins et en fonction de votre march\u00e9 cible, nous nous engageons \u00e0 vous offrir des services de grandes qualit\u00e9s pour rentabiliser votre investissement. Une cr\u00e9ation de [&hellip;]\" \/>\n<meta property=\"og:url\" content=\"https:\/\/sicay.net\/en\/creation-de-site-web\/\" \/>\n<meta property=\"og:site_name\" content=\"Sicay\" \/>\n<meta property=\"article:publisher\" content=\"https:\/\/www.facebook.com\/sicay.ca\/\" \/>\n<meta property=\"article:modified_time\" content=\"2015-10-21T14:13:06+00:00\" \/>\n<meta name=\"twitter:card\" content=\"summary_large_image\" \/>\n<meta name=\"twitter:label1\" content=\"Est. reading time\" \/>\n\t<meta name=\"twitter:data1\" content=\"5 minutes\" \/>\n<script type=\"application\/ld+json\" class=\"yoast-schema-graph\">{\"@context\":\"https:\\\/\\\/schema.org\",\"@graph\":[{\"@type\":\"WebPage\",\"@id\":\"https:\\\/\\\/sicay.net\\\/en\\\/creation-de-site-web\\\/\",\"url\":\"https:\\\/\\\/sicay.net\\\/en\\\/creation-de-site-web\\\/\",\"name\":\"Cr\u00e9ation de site web - Sicay\",\"isPartOf\":{\"@id\":\"https:\\\/\\\/sicay.net\\\/#website\"},\"datePublished\":\"2015-10-21T14:12:16+00:00\",\"dateModified\":\"2015-10-21T14:13:06+00:00\",\"breadcrumb\":{\"@id\":\"https:\\\/\\\/sicay.net\\\/en\\\/creation-de-site-web\\\/#breadcrumb\"},\"inLanguage\":\"en-US\",\"potentialAction\":[{\"@type\":\"ReadAction\",\"target\":[\"https:\\\/\\\/sicay.net\\\/en\\\/creation-de-site-web\\\/\"]}]},{\"@type\":\"BreadcrumbList\",\"@id\":\"https:\\\/\\\/sicay.net\\\/en\\\/creation-de-site-web\\\/#breadcrumb\",\"itemListElement\":[{\"@type\":\"ListItem\",\"position\":1,\"name\":\"Accueil\",\"item\":\"https:\\\/\\\/sicay.net\\\/en\\\/\"},{\"@type\":\"ListItem\",\"position\":2,\"name\":\"Cr\u00e9ation de site web\"}]},{\"@type\":\"WebSite\",\"@id\":\"https:\\\/\\\/sicay.net\\\/#website\",\"url\":\"https:\\\/\\\/sicay.net\\\/\",\"name\":\"Sicay\",\"description\":\"Just another WordPress site\",\"potentialAction\":[{\"@type\":\"SearchAction\",\"target\":{\"@type\":\"EntryPoint\",\"urlTemplate\":\"https:\\\/\\\/sicay.net\\\/?s={search_term_string}\"},\"query-input\":{\"@type\":\"PropertyValueSpecification\",\"valueRequired\":true,\"valueName\":\"search_term_string\"}}],\"inLanguage\":\"en-US\"}]}<\/script>\n<!-- \/ Yoast SEO plugin. -->","yoast_head_json":{"title":"Cr\u00e9ation de site web - Sicay","robots":{"index":"index","follow":"follow","max-snippet":"max-snippet:-1","max-image-preview":"max-image-preview:large","max-video-preview":"max-video-preview:-1"},"canonical":"https:\/\/sicay.net\/en\/creation-de-site-web\/","og_locale":"en_US","og_type":"article","og_title":"Cr\u00e9ation de site web - Sicay","og_description":"Cr\u00e9ation de site web et design web sur mesure! Notre \u00e9quipe saura r\u00e9pondre \u00e0 tous vos besoins pour votre cr\u00e9ation de site web ou votre design web. Selon vos besoins et en fonction de votre march\u00e9 cible, nous nous engageons \u00e0 vous offrir des services de grandes qualit\u00e9s pour rentabiliser votre investissement. Une cr\u00e9ation de [&hellip;]","og_url":"https:\/\/sicay.net\/en\/creation-de-site-web\/","og_site_name":"Sicay","article_publisher":"https:\/\/www.facebook.com\/sicay.ca\/","article_modified_time":"2015-10-21T14:13:06+00:00","twitter_card":"summary_large_image","twitter_misc":{"Est. reading time":"5 minutes"},"schema":{"@context":"https:\/\/schema.org","@graph":[{"@type":"WebPage","@id":"https:\/\/sicay.net\/en\/creation-de-site-web\/","url":"https:\/\/sicay.net\/en\/creation-de-site-web\/","name":"Cr\u00e9ation de site web - Sicay","isPartOf":{"@id":"https:\/\/sicay.net\/#website"},"datePublished":"2015-10-21T14:12:16+00:00","dateModified":"2015-10-21T14:13:06+00:00","breadcrumb":{"@id":"https:\/\/sicay.net\/en\/creation-de-site-web\/#breadcrumb"},"inLanguage":"en-US","potentialAction":[{"@type":"ReadAction","target":["https:\/\/sicay.net\/en\/creation-de-site-web\/"]}]},{"@type":"BreadcrumbList","@id":"https:\/\/sicay.net\/en\/creation-de-site-web\/#breadcrumb","itemListElement":[{"@type":"ListItem","position":1,"name":"Accueil","item":"https:\/\/sicay.net\/en\/"},{"@type":"ListItem","position":2,"name":"Cr\u00e9ation de site web"}]},{"@type":"WebSite","@id":"https:\/\/sicay.net\/#website","url":"https:\/\/sicay.net\/","name":"Sicay","description":"Just another WordPress site","potentialAction":[{"@type":"SearchAction","target":{"@type":"EntryPoint","urlTemplate":"https:\/\/sicay.net\/?s={search_term_string}"},"query-input":{"@type":"PropertyValueSpecification","valueRequired":true,"valueName":"search_term_string"}}],"inLanguage":"en-US"}]}},"amp_enabled":true,"_links":{"self":[{"href":"https:\/\/sicay.net\/en\/wp-json\/wp\/v2\/pages\/701","targetHints":{"allow":["GET"]}}],"collection":[{"href":"https:\/\/sicay.net\/en\/wp-json\/wp\/v2\/pages"}],"about":[{"href":"https:\/\/sicay.net\/en\/wp-json\/wp\/v2\/types\/page"}],"author":[{"embeddable":true,"href":"https:\/\/sicay.net\/en\/wp-json\/wp\/v2\/users\/1"}],"replies":[{"embeddable":true,"href":"https:\/\/sicay.net\/en\/wp-json\/wp\/v2\/comments?post=701"}],"version-history":[{"count":2,"href":"https:\/\/sicay.net\/en\/wp-json\/wp\/v2\/pages\/701\/revisions"}],"predecessor-version":[{"id":703,"href":"https:\/\/sicay.net\/en\/wp-json\/wp\/v2\/pages\/701\/revisions\/703"}],"wp:attachment":[{"href":"https:\/\/sicay.net\/en\/wp-json\/wp\/v2\/media?parent=701"}],"curies":[{"name":"wp","href":"https:\/\/api.w.org\/{rel}","templated":true}]}}