{"id":704,"date":"2015-10-21T14:20:00","date_gmt":"2015-10-21T14:20:00","guid":{"rendered":"https:\/\/sicay.net\/en\/?page_id=704"},"modified":"2015-10-21T14:20:00","modified_gmt":"2015-10-21T14:20:00","slug":"design-graphique","status":"publish","type":"page","link":"https:\/\/sicay.net\/en\/design-graphique\/","title":{"rendered":"Design graphique"},"content":{"rendered":"<p>[et_pb_section admin_label=&#8221;section&#8221; fullwidth=&#8221;on&#8221; transparent_background=&#8221;on&#8221; background_color=&#8221;#ffffff&#8221; inner_shadow=&#8221;off&#8221; parallax=&#8221;off&#8221; parallax_method=&#8221;off&#8221;][et_pb_fullwidth_slider admin_label=&#8221;Fullwidth Slider&#8221; show_arrows=&#8221;off&#8221; show_pagination=&#8221;off&#8221; auto=&#8221;off&#8221; parallax=&#8221;on&#8221; parallax_method=&#8221;off&#8221; auto_ignore_hover=&#8221;off&#8221; remove_inner_shadow=&#8221;off&#8221; background_position=&#8221;default&#8221; background_size=&#8221;default&#8221; hide_content_on_mobile=&#8221;off&#8221; hide_cta_on_mobile=&#8221;off&#8221; show_image_video_mobile=&#8221;off&#8221; custom_button=&#8221;off&#8221; button_letter_spacing=&#8221;0&#8243; button_use_icon=&#8221;default&#8221; button_icon_placement=&#8221;right&#8221; button_on_hover=&#8221;on&#8221; button_letter_spacing_hover=&#8221;0&#8243;]<\/p>\n<p>[et_pb_slide heading=&#8221;DESIGN GRAPHIQUE PERSONNALIS\u00c9E&#8221; background_color=&#8221;#ffffff&#8221; alignment=&#8221;center&#8221; background_layout=&#8221;dark&#8221; video_bg_width=&#8221;1920&#8243; video_bg_height=&#8221;638&#8243; background_image=&#8221;https:\/\/sicay.net\/wp-content\/uploads\/2015\/03\/Sicay-Conception-de-carte-d-affaires.jpg&#8221; background_position=&#8221;default&#8221; background_size=&#8221;default&#8221; allow_player_pause=&#8221;off&#8221; header_font_select=&#8221;default&#8221; body_font_select=&#8221;default&#8221; custom_button=&#8221;off&#8221; button_font_select=&#8221;default&#8221; button_use_icon=&#8221;default&#8221; button_icon_placement=&#8221;right&#8221; button_on_hover=&#8221;on&#8221;]<\/p>\n<p>\u00c0 l\u2019aff\u00fbt des derni\u00e8res tendances en termes de <strong>design graphique<\/strong> et toujours \u00e0 la recherche d\u2019innovation, notre \u00e9quipe saura satisfaire vos besoins pour votre <strong>design graphique<\/strong>. Nous offrons le <strong>design d\u2019image de marque<\/strong> compl\u00e8te incluant la <strong>conception de logo<\/strong>, <strong>conception de carte d\u2019affaire<\/strong> et tout autre <strong>design graphique<\/strong>. Que vous soyez \u00e0 la recherche de votre nouvelle image d\u2019entreprise ou d\u00e9sirer renouveler celle-ci, nos experts sauront r\u00e9pondre \u00e0 vos besoins!<\/p>\n<p>[\/et_pb_slide]<\/p>\n<p>[\/et_pb_fullwidth_slider][\/et_pb_section][et_pb_section admin_label=&#8221;section&#8221; fullwidth=&#8221;on&#8221; specialty=&#8221;off&#8221; transparent_background=&#8221;off&#8221; background_color=&#8221;#666666&#8243; inner_shadow=&#8221;off&#8221; parallax=&#8221;off&#8221; parallax_method=&#8221;off&#8221;][et_pb_fullwidth_header admin_label=&#8221;Fullwidth Header&#8221; background_layout=&#8221;dark&#8221; text_orientation=&#8221;center&#8221; title=&#8221;Tout le n\u00e9cessaire pour votre design graphique d&#8217;entreprise se retrouve ici!&#8221; header_fullscreen=&#8221;off&#8221; header_scroll_down=&#8221;off&#8221; parallax=&#8221;off&#8221; parallax_method=&#8221;off&#8221; content_orientation=&#8221;center&#8221; image_orientation=&#8221;center&#8221; custom_button_one=&#8221;off&#8221; button_one_letter_spacing=&#8221;0&#8243; button_one_use_icon=&#8221;default&#8221; button_one_icon_placement=&#8221;right&#8221; button_one_on_hover=&#8221;on&#8221; button_one_letter_spacing_hover=&#8221;0&#8243; custom_button_two=&#8221;off&#8221; button_two_letter_spacing=&#8221;0&#8243; button_two_use_icon=&#8221;default&#8221; button_two_icon_placement=&#8221;right&#8221; button_two_on_hover=&#8221;on&#8221; button_two_letter_spacing_hover=&#8221;0&#8243;]<\/p>\n<p>[\/et_pb_fullwidth_header][\/et_pb_section][et_pb_section admin_label=&#8221;section&#8221; fullwidth=&#8221;off&#8221; transparent_background=&#8221;off&#8221; background_color=&#8221;#ffffff&#8221; inner_shadow=&#8221;off&#8221; parallax=&#8221;off&#8221; parallax_method=&#8221;off&#8221;][et_pb_row admin_label=&#8221;row&#8221;][et_pb_column type=&#8221;1_3&#8243;][et_pb_blurb admin_label=&#8221;Blurb&#8221; title=&#8221;DESIGN GRAPHIQUE DE LOGO&#8221; url_new_window=&#8221;off&#8221; animation=&#8221;off&#8221; background_layout=&#8221;light&#8221; text_orientation=&#8221;justified&#8221; icon_placement=&#8221;left&#8221; font_icon=&#8221;\ue104&#8221; use_icon=&#8221;on&#8221; use_circle=&#8221;off&#8221; use_circle_border=&#8221;off&#8221; icon_color=&#8221;#309ccf&#8221; circle_color=&#8221;#7c4dd5&#8243; circle_border_color=&#8221;#2caaca&#8221; use_icon_font_size=&#8221;off&#8221; use_border_color=&#8221;off&#8221; border_color=&#8221;#ffffff&#8221; border_style=&#8221;solid&#8221;]<\/p>\n<p>La <strong>design graphique<\/strong> du <strong>logo<\/strong> de votre entreprise est la premi\u00e8re image qui vous ait associ\u00e9e. Voil\u00e0 pourquoi il est important pour notre \u00e9quipe de d\u00e9ployer tous ses&nbsp;efforts pour propulser votre nouvelle <strong>image de marque<\/strong>.<\/p>\n<p>[\/et_pb_blurb][\/et_pb_column][et_pb_column type=&#8221;1_3&#8243;][et_pb_blurb admin_label=&#8221;Blurb&#8221; title=&#8221;CARTES D\u2019AFFAIRES&#8221; url_new_window=&#8221;off&#8221; animation=&#8221;off&#8221; background_layout=&#8221;light&#8221; text_orientation=&#8221;justified&#8221; icon_placement=&#8221;left&#8221; font_icon=&#8221;\ue107&#8221; use_icon=&#8221;on&#8221; use_circle=&#8221;off&#8221; use_circle_border=&#8221;off&#8221; icon_color=&#8221;#309ccf&#8221; circle_color=&#8221;#7c4dd5&#8243; circle_border_color=&#8221;#2caaca&#8221; use_icon_font_size=&#8221;off&#8221; use_border_color=&#8221;off&#8221; border_color=&#8221;#ffffff&#8221; border_style=&#8221;solid&#8221;]<\/p>\n<p>Cette petite carte qui vous suit partout est probablement la pi\u00e8ce la plus importante \u00e0 tout entrepreneur. Faites v\u00e9hiculer votre image \u00e0 l&#8217;aide de celle-ci!<\/p>\n<p>[\/et_pb_blurb][\/et_pb_column][et_pb_column type=&#8221;1_3&#8243;][et_pb_blurb admin_label=&#8221;Blurb&#8221; title=&#8221;BROCHURES &amp; D\u00c9PLIANTS&#8221; url_new_window=&#8221;off&#8221; animation=&#8221;off&#8221; background_layout=&#8221;light&#8221; text_orientation=&#8221;justified&#8221; icon_placement=&#8221;left&#8221; font_icon=&#8221;\ue005&#8221; use_icon=&#8221;on&#8221; use_circle=&#8221;off&#8221; use_circle_border=&#8221;off&#8221; icon_color=&#8221;#309ccf&#8221; circle_color=&#8221;#7c4dd5&#8243; circle_border_color=&#8221;#2caaca&#8221; use_icon_font_size=&#8221;off&#8221; use_border_color=&#8221;off&#8221; border_color=&#8221;#ffffff&#8221; border_style=&#8221;solid&#8221;]<\/p>\n<p>Ce sont des outils de publicit\u00e9 par excellence. Vous avez des produits ou services \u00e0 offrir, mais vous ne savez pas comment r\u00e9pandre l&#8217;information? Sicay vous offre la conception graphique de brochures et d\u00e9pliants de tout genres. Vous n&#8217;avez qu&#8217;\u00e0 demander!<\/p>\n<p>[\/et_pb_blurb][\/et_pb_column][\/et_pb_row][et_pb_row admin_label=&#8221;row&#8221;][et_pb_column type=&#8221;1_3&#8243;][et_pb_blurb admin_label=&#8221;Blurb&#8221; title=&#8221;Design Web&#8221; url_new_window=&#8221;off&#8221; animation=&#8221;off&#8221; background_layout=&#8221;light&#8221; text_orientation=&#8221;justified&#8221; icon_placement=&#8221;left&#8221; font_icon=&#8221;\ue0df&#8221; use_icon=&#8221;on&#8221; use_circle=&#8221;off&#8221; use_circle_border=&#8221;off&#8221; icon_color=&#8221;#309ccf&#8221; circle_color=&#8221;#7c4dd5&#8243; circle_border_color=&#8221;#2caaca&#8221; use_icon_font_size=&#8221;off&#8221; use_border_color=&#8221;off&#8221; border_color=&#8221;#ffffff&#8221; border_style=&#8221;solid&#8221;]<\/p>\n<p>Une <b>cr\u00e9ation de site web<\/b> avec un <b>design web<\/b> personnalis\u00e9 selon vos besoins.  Un <b>design web<\/b> \u00e0 l\u2019aff\u00fbt des derni\u00e8res tendances et un <b>design web<\/b> optimis\u00e9 pour l\u2019exp\u00e9rience utilisateur. Laissez votre <b>cr\u00e9ation de site web<\/b> \u00e0 Sicay et soyez pr\u00eat \u00e0 faire votre place sur le web!<\/p>\n<p>[\/et_pb_blurb][\/et_pb_column][et_pb_column type=&#8221;1_3&#8243;][et_pb_blurb admin_label=&#8221;Blurb&#8221; title=&#8221;Solution e-commerce&#8221; url_new_window=&#8221;off&#8221; animation=&#8221;off&#8221; background_layout=&#8221;light&#8221; text_orientation=&#8221;justified&#8221; icon_placement=&#8221;left&#8221; font_icon=&#8221;\ue07a&#8221; use_icon=&#8221;on&#8221; use_circle=&#8221;off&#8221; use_circle_border=&#8221;off&#8221; icon_color=&#8221;#309ccf&#8221; circle_color=&#8221;#7c4dd5&#8243; circle_border_color=&#8221;#2caaca&#8221; use_icon_font_size=&#8221;off&#8221; use_border_color=&#8221;off&#8221; border_color=&#8221;#ffffff&#8221; border_style=&#8221;solid&#8221;]<\/p>\n<p>Notre \u00e9quipe d\u2019experts peut vous doter d\u2019une plateforme de commerce \u00e9lectronique des plus performantes qui s\u2019aura rejoindre votre client\u00e8le.<\/p>\n<p>[\/et_pb_blurb][\/et_pb_column][et_pb_column type=&#8221;1_3&#8243;][et_pb_blurb admin_label=&#8221;Blurb&#8221; title=&#8221;Gestionnaire de contenu&#8221; url_new_window=&#8221;off&#8221; animation=&#8221;off&#8221; background_layout=&#8221;light&#8221; text_orientation=&#8221;justified&#8221; icon_placement=&#8221;left&#8221; font_icon=&#8221;\ue005&#8221; use_icon=&#8221;on&#8221; use_circle=&#8221;off&#8221; use_circle_border=&#8221;off&#8221; icon_color=&#8221;#309ccf&#8221; circle_color=&#8221;#7c4dd5&#8243; circle_border_color=&#8221;#2caaca&#8221; use_icon_font_size=&#8221;off&#8221; use_border_color=&#8221;off&#8221; border_color=&#8221;#ffffff&#8221; border_style=&#8221;solid&#8221;]<\/p>\n<p>Vous aimeriez g\u00e9rer votre site web vous m\u00eame? Nous avons les outils pour vous!<\/p>\n<p>[\/et_pb_blurb][\/et_pb_column][\/et_pb_row][\/et_pb_section][et_pb_section admin_label=&#8221;section&#8221; fullwidth=&#8221;off&#8221; specialty=&#8221;off&#8221; transparent_background=&#8221;off&#8221; background_color=&#8221;#666666&#8243; inner_shadow=&#8221;off&#8221; parallax=&#8221;off&#8221; parallax_method=&#8221;off&#8221;][et_pb_row admin_label=&#8221;row&#8221;][et_pb_column type=&#8221;4_4&#8243;][et_pb_cta admin_label=&#8221;Call To Action&#8221; button_url=&#8221;https:\/\/sicay.net\/conception-de-site-web\/&#8221; button_text=&#8221;Oh&#8230; et ici!&#8221; use_background_color=&#8221;off&#8221; background_layout=&#8221;dark&#8221; text_orientation=&#8221;center&#8221;]<\/p>\n<p>[\/et_pb_cta][\/et_pb_column][\/et_pb_row][\/et_pb_section][et_pb_section admin_label=&#8221;section&#8221; fullwidth=&#8221;on&#8221; specialty=&#8221;off&#8221;][et_pb_fullwidth_portfolio admin_label=&#8221;Fullwidth Portfolio&#8221; fullwidth=&#8221;on&#8221; include_categories=&#8221;2&#8243; show_title=&#8221;on&#8221; show_date=&#8221;off&#8221; background_layout=&#8221;light&#8221; auto=&#8221;off&#8221;]<\/p>\n<p>[\/et_pb_fullwidth_portfolio][\/et_pb_section][et_pb_section admin_label=&#8221;section&#8221; fullwidth=&#8221;off&#8221; inner_shadow=&#8221;off&#8221; parallax=&#8221;off&#8221; background_image=&#8221;https:\/\/sicay.net\/wp-content\/uploads\/2015\/04\/sicay-agence-web-montr\u00e9al-rive-sud.png&#8221; transparent_background=&#8221;off&#8221; parallax_method=&#8221;off&#8221; background_color=&#8221;#ffffff&#8221;][et_pb_row admin_label=&#8221;row&#8221;][et_pb_column type=&#8221;4_4&#8243;][et_pb_cta admin_label=&#8221;Call To Action&#8221; button_url=&#8221;https:\/\/sicay.net\/contactez-nous\/&#8221; button_text=&#8221;Contactez notre \u00e9quipe!&#8221; background_color=&#8221;#7ebec5&#8243; use_background_color=&#8221;off&#8221; background_layout=&#8221;dark&#8221; text_orientation=&#8221;center&#8221;]<\/p>\n<h1>Faire votre place sur le web n&#8217;aura jamais \u00e9t\u00e9 aussi facile et agr\u00e9able.<\/h1>\n<p>[\/et_pb_cta][\/et_pb_column][\/et_pb_row][\/et_pb_section]<\/p>\n<span class=\"et_bloom_bottom_trigger\"><\/span>","protected":false},"excerpt":{"rendered":"<p>\u00c0 l\u2019aff\u00fbt des derni\u00e8res tendances en termes de design graphique et toujours \u00e0 la recherche d\u2019innovation, notre \u00e9quipe saura satisfaire vos besoins pour votre design graphique. Nous offrons le design d\u2019image de marque compl\u00e8te incluant la conception de logo, conception de carte d\u2019affaire et tout autre design graphique. Que vous soyez \u00e0 la recherche de [&hellip;]<\/p>\n","protected":false},"author":1,"featured_media":0,"parent":0,"menu_order":0,"comment_status":"open","ping_status":"open","template":"","meta":{"_et_pb_use_builder":"on","_et_pb_old_content":"","_et_gb_content_width":"","footnotes":""},"class_list":["post-704","page","type-page","status-publish","hentry"],"yoast_head":"<!-- This site is optimized with the Yoast SEO plugin v27.3 - https:\/\/yoast.com\/product\/yoast-seo-wordpress\/ -->\n<title>Design graphique - Sicay<\/title>\n<meta name=\"robots\" content=\"index, follow, max-snippet:-1, max-image-preview:large, max-video-preview:-1\" \/>\n<link rel=\"canonical\" href=\"https:\/\/sicay.net\/en\/design-graphique\/\" \/>\n<meta property=\"og:locale\" content=\"en_US\" \/>\n<meta property=\"og:type\" content=\"article\" \/>\n<meta property=\"og:title\" content=\"Design graphique - Sicay\" \/>\n<meta property=\"og:description\" content=\"\u00c0 l\u2019aff\u00fbt des derni\u00e8res tendances en termes de design graphique et toujours \u00e0 la recherche d\u2019innovation, notre \u00e9quipe saura satisfaire vos besoins pour votre design graphique. Nous offrons le design d\u2019image de marque compl\u00e8te incluant la conception de logo, conception de carte d\u2019affaire et tout autre design graphique. Que vous soyez \u00e0 la recherche de [&hellip;]\" \/>\n<meta property=\"og:url\" content=\"https:\/\/sicay.net\/en\/design-graphique\/\" \/>\n<meta property=\"og:site_name\" content=\"Sicay\" \/>\n<meta property=\"article:publisher\" content=\"https:\/\/www.facebook.com\/sicay.ca\/\" \/>\n<meta name=\"twitter:card\" content=\"summary_large_image\" \/>\n<meta name=\"twitter:label1\" content=\"Est. reading time\" \/>\n\t<meta name=\"twitter:data1\" content=\"6 minutes\" \/>\n<script type=\"application\/ld+json\" class=\"yoast-schema-graph\">{\"@context\":\"https:\\\/\\\/schema.org\",\"@graph\":[{\"@type\":\"WebPage\",\"@id\":\"https:\\\/\\\/sicay.net\\\/en\\\/design-graphique\\\/\",\"url\":\"https:\\\/\\\/sicay.net\\\/en\\\/design-graphique\\\/\",\"name\":\"Design graphique - Sicay\",\"isPartOf\":{\"@id\":\"https:\\\/\\\/sicay.net\\\/#website\"},\"datePublished\":\"2015-10-21T14:20:00+00:00\",\"breadcrumb\":{\"@id\":\"https:\\\/\\\/sicay.net\\\/en\\\/design-graphique\\\/#breadcrumb\"},\"inLanguage\":\"en-US\",\"potentialAction\":[{\"@type\":\"ReadAction\",\"target\":[\"https:\\\/\\\/sicay.net\\\/en\\\/design-graphique\\\/\"]}]},{\"@type\":\"BreadcrumbList\",\"@id\":\"https:\\\/\\\/sicay.net\\\/en\\\/design-graphique\\\/#breadcrumb\",\"itemListElement\":[{\"@type\":\"ListItem\",\"position\":1,\"name\":\"Accueil\",\"item\":\"https:\\\/\\\/sicay.net\\\/en\\\/\"},{\"@type\":\"ListItem\",\"position\":2,\"name\":\"Design graphique\"}]},{\"@type\":\"WebSite\",\"@id\":\"https:\\\/\\\/sicay.net\\\/#website\",\"url\":\"https:\\\/\\\/sicay.net\\\/\",\"name\":\"Sicay\",\"description\":\"Just another WordPress site\",\"potentialAction\":[{\"@type\":\"SearchAction\",\"target\":{\"@type\":\"EntryPoint\",\"urlTemplate\":\"https:\\\/\\\/sicay.net\\\/?s={search_term_string}\"},\"query-input\":{\"@type\":\"PropertyValueSpecification\",\"valueRequired\":true,\"valueName\":\"search_term_string\"}}],\"inLanguage\":\"en-US\"}]}<\/script>\n<!-- \/ Yoast SEO plugin. -->","yoast_head_json":{"title":"Design graphique - Sicay","robots":{"index":"index","follow":"follow","max-snippet":"max-snippet:-1","max-image-preview":"max-image-preview:large","max-video-preview":"max-video-preview:-1"},"canonical":"https:\/\/sicay.net\/en\/design-graphique\/","og_locale":"en_US","og_type":"article","og_title":"Design graphique - Sicay","og_description":"\u00c0 l\u2019aff\u00fbt des derni\u00e8res tendances en termes de design graphique et toujours \u00e0 la recherche d\u2019innovation, notre \u00e9quipe saura satisfaire vos besoins pour votre design graphique. Nous offrons le design d\u2019image de marque compl\u00e8te incluant la conception de logo, conception de carte d\u2019affaire et tout autre design graphique. Que vous soyez \u00e0 la recherche de [&hellip;]","og_url":"https:\/\/sicay.net\/en\/design-graphique\/","og_site_name":"Sicay","article_publisher":"https:\/\/www.facebook.com\/sicay.ca\/","twitter_card":"summary_large_image","twitter_misc":{"Est. reading time":"6 minutes"},"schema":{"@context":"https:\/\/schema.org","@graph":[{"@type":"WebPage","@id":"https:\/\/sicay.net\/en\/design-graphique\/","url":"https:\/\/sicay.net\/en\/design-graphique\/","name":"Design graphique - Sicay","isPartOf":{"@id":"https:\/\/sicay.net\/#website"},"datePublished":"2015-10-21T14:20:00+00:00","breadcrumb":{"@id":"https:\/\/sicay.net\/en\/design-graphique\/#breadcrumb"},"inLanguage":"en-US","potentialAction":[{"@type":"ReadAction","target":["https:\/\/sicay.net\/en\/design-graphique\/"]}]},{"@type":"BreadcrumbList","@id":"https:\/\/sicay.net\/en\/design-graphique\/#breadcrumb","itemListElement":[{"@type":"ListItem","position":1,"name":"Accueil","item":"https:\/\/sicay.net\/en\/"},{"@type":"ListItem","position":2,"name":"Design graphique"}]},{"@type":"WebSite","@id":"https:\/\/sicay.net\/#website","url":"https:\/\/sicay.net\/","name":"Sicay","description":"Just another WordPress site","potentialAction":[{"@type":"SearchAction","target":{"@type":"EntryPoint","urlTemplate":"https:\/\/sicay.net\/?s={search_term_string}"},"query-input":{"@type":"PropertyValueSpecification","valueRequired":true,"valueName":"search_term_string"}}],"inLanguage":"en-US"}]}},"amp_enabled":true,"_links":{"self":[{"href":"https:\/\/sicay.net\/en\/wp-json\/wp\/v2\/pages\/704","targetHints":{"allow":["GET"]}}],"collection":[{"href":"https:\/\/sicay.net\/en\/wp-json\/wp\/v2\/pages"}],"about":[{"href":"https:\/\/sicay.net\/en\/wp-json\/wp\/v2\/types\/page"}],"author":[{"embeddable":true,"href":"https:\/\/sicay.net\/en\/wp-json\/wp\/v2\/users\/1"}],"replies":[{"embeddable":true,"href":"https:\/\/sicay.net\/en\/wp-json\/wp\/v2\/comments?post=704"}],"version-history":[{"count":1,"href":"https:\/\/sicay.net\/en\/wp-json\/wp\/v2\/pages\/704\/revisions"}],"predecessor-version":[{"id":705,"href":"https:\/\/sicay.net\/en\/wp-json\/wp\/v2\/pages\/704\/revisions\/705"}],"wp:attachment":[{"href":"https:\/\/sicay.net\/en\/wp-json\/wp\/v2\/media?parent=704"}],"curies":[{"name":"wp","href":"https:\/\/api.w.org\/{rel}","templated":true}]}}