{"id":706,"date":"2015-10-21T14:21:24","date_gmt":"2015-10-21T14:21:24","guid":{"rendered":"https:\/\/sicay.net\/en\/?page_id=706"},"modified":"2015-10-21T14:21:24","modified_gmt":"2015-10-21T14:21:24","slug":"gestion-medias-sociaux","status":"publish","type":"page","link":"https:\/\/sicay.net\/en\/gestion-medias-sociaux\/","title":{"rendered":"Gestion M\u00e9dias Sociaux"},"content":{"rendered":"<p>[et_pb_section fullwidth=&#8221;on&#8221; transparent_background=&#8221;on&#8221; background_color=&#8221;#ffffff&#8221; inner_shadow=&#8221;off&#8221; parallax=&#8221;off&#8221; parallax_method=&#8221;off&#8221;][et_pb_fullwidth_slider admin_label=&#8221;Fullwidth Slider&#8221; show_arrows=&#8221;off&#8221; show_pagination=&#8221;off&#8221; auto=&#8221;off&#8221; parallax=&#8221;on&#8221; parallax_method=&#8221;off&#8221;][et_pb_slide heading=&#8221;GESTION DES M\u00c9DIAS SOCIAUX&#8221; background_color=&#8221;#ffffff&#8221; alignment=&#8221;center&#8221; background_layout=&#8221;dark&#8221; video_bg_width=&#8221;1920&#8243; video_bg_height=&#8221;638&#8243; background_image=&#8221;https:\/\/sicay.net\/wp-content\/uploads\/2015\/02\/Sicay-Gestion-des-medias-sociaux-Referencement.jpg&#8221;]<\/p>\n<p>Les M\u00e9dias Sociaux repr\u00e9sentent aujourd&#8217;hui une mine d&#8217;or pour les entreprises. Si ceux-ci sont utilis\u00e9s et g\u00e9r\u00e9s ad\u00e9quatement, ils vous permettront un contact direct avec votre client\u00e8le et une excellente fa\u00e7on de v\u00e9hiculer votre marque. Laissez-nous la\u00a0gestion des m\u00e9dias sociaux de votre entreprise, vous n&#8217;y verrai que du positif!<\/p>\n<p>[\/et_pb_slide][\/et_pb_fullwidth_slider][\/et_pb_section][et_pb_section fullwidth=&#8221;off&#8221;][et_pb_row][et_pb_column type=&#8221;2_3&#8243;][et_pb_image admin_label=&#8221;Image&#8221; src=&#8221;https:\/\/sicay.net\/wp-content\/uploads\/2015\/04\/sicay-conception-web-graphique-montr\u00e9al.png&#8221; show_in_lightbox=&#8221;off&#8221; url_new_window=&#8221;off&#8221; animation=&#8221;off&#8221; sticky=&#8221;off&#8221; \/][\/et_pb_column][et_pb_column type=&#8221;1_3&#8243;][et_pb_blurb admin_label=&#8221;Blurb&#8221; url_new_window=&#8221;off&#8221; use_icon=&#8221;on&#8221; font_icon=&#8221;\ue093&#8221; icon_color=&#8221;#309ccf&#8221; use_circle=&#8221;off&#8221; circle_color=&#8221;#309ccf&#8221; use_circle_border=&#8221;off&#8221; circle_border_color=&#8221;#309ccf&#8221; icon_placement=&#8221;top&#8221; animation=&#8221;off&#8221; background_layout=&#8221;light&#8221; text_orientation=&#8221;center&#8221; \/][et_pb_blurb admin_label=&#8221;Blurb&#8221; url_new_window=&#8221;off&#8221; use_icon=&#8221;on&#8221; font_icon=&#8221;\ue094&#8221; icon_color=&#8221;#309ccf&#8221; use_circle=&#8221;off&#8221; circle_color=&#8221;#309ccf&#8221; use_circle_border=&#8221;off&#8221; circle_border_color=&#8221;#309ccf&#8221; icon_placement=&#8221;top&#8221; animation=&#8221;off&#8221; background_layout=&#8221;light&#8221; text_orientation=&#8221;center&#8221; \/][et_pb_blurb admin_label=&#8221;Blurb&#8221; url_new_window=&#8221;off&#8221; use_icon=&#8221;on&#8221; font_icon=&#8221;\ue096&#8221; icon_color=&#8221;#309ccf&#8221; use_circle=&#8221;off&#8221; circle_color=&#8221;#309ccf&#8221; use_circle_border=&#8221;off&#8221; circle_border_color=&#8221;#309ccf&#8221; icon_placement=&#8221;top&#8221; animation=&#8221;off&#8221; background_layout=&#8221;light&#8221; text_orientation=&#8221;center&#8221; \/][\/et_pb_column][\/et_pb_row][\/et_pb_section][et_pb_section fullwidth=&#8221;on&#8221; specialty=&#8221;off&#8221;][et_pb_fullwidth_portfolio admin_label=&#8221;Fullwidth Portfolio&#8221; fullwidth=&#8221;on&#8221; include_categories=&#8221;2&#8243; show_title=&#8221;on&#8221; show_date=&#8221;off&#8221; background_layout=&#8221;light&#8221; auto=&#8221;off&#8221; \/][\/et_pb_section][et_pb_section fullwidth=&#8221;off&#8221; inner_shadow=&#8221;off&#8221; parallax=&#8221;off&#8221; background_image=&#8221;https:\/\/sicay.net\/wp-content\/uploads\/2015\/04\/sicay-agence-web-montr\u00e9al-rive-sud.png&#8221; transparent_background=&#8221;off&#8221; parallax_method=&#8221;off&#8221; background_color=&#8221;#ffffff&#8221;][et_pb_row][et_pb_column type=&#8221;4_4&#8243;][et_pb_cta admin_label=&#8221;Call To Action&#8221; button_url=&#8221;https:\/\/sicay.net\/contactez-nous\/&#8221; button_text=&#8221;Contactez notre \u00e9quipe!&#8221; background_color=&#8221;#7ebec5&#8243; use_background_color=&#8221;off&#8221; background_layout=&#8221;dark&#8221; text_orientation=&#8221;center&#8221; title=&#8221;Rejoignez votre client\u00e8le gr\u00e2ce aux M\u00e9dias Sociaux!&#8221;]<\/p>\n<h1>Laissez-nous la gestion des m\u00e9dias sociaux \u00a0de votre entreprise. Faire votre place sur le web n&#8217;aura jamais \u00e9t\u00e9 aussi facile et agr\u00e9able!<\/h1>\n<p>[\/et_pb_cta][\/et_pb_column][\/et_pb_row][\/et_pb_section]<\/p>\n<span class=\"et_bloom_bottom_trigger\"><\/span>","protected":false},"excerpt":{"rendered":"<p>Les M\u00e9dias Sociaux repr\u00e9sentent aujourd&#8217;hui une mine d&#8217;or pour les entreprises. Si ceux-ci sont utilis\u00e9s et g\u00e9r\u00e9s ad\u00e9quatement, ils vous permettront un contact direct avec votre client\u00e8le et une excellente fa\u00e7on de v\u00e9hiculer votre marque. Laissez-nous la\u00a0gestion des m\u00e9dias sociaux de votre entreprise, vous n&#8217;y verrai que du positif! <div class=\"et_pb_row et_pb_row_0 et_pb_row_empty\">\n\t\t\t\t\n\t\t\t\t\n\t\t\t\t\n\t\t\t\t\n\t\t\t\t\n\t\t\t<\/div><div class=\"et_pb_row et_pb_row_1 et_pb_row_empty\">\n\t\t\t\t\n\t\t\t\t\n\t\t\t\t\n\t\t\t\t\n\t\t\t\t\n\t\t\t<\/div> Laissez-nous la gestion des m\u00e9dias [&hellip;]<\/p>\n","protected":false},"author":1,"featured_media":0,"parent":0,"menu_order":0,"comment_status":"open","ping_status":"closed","template":"","meta":{"_et_pb_use_builder":"on","_et_pb_old_content":"[et_pb_section fullwidth=\"on\" transparent_background=\"on\" background_color=\"#ffffff\" inner_shadow=\"off\" parallax=\"off\" parallax_method=\"off\"][et_pb_fullwidth_slider admin_label=\"Fullwidth Slider\" show_arrows=\"off\" show_pagination=\"off\" auto=\"off\" parallax=\"on\" parallax_method=\"off\"][et_pb_slide heading=\"CONCEPTION DE SITES WEB SUR MESURE\" background_color=\"#ffffff\" alignment=\"center\" background_layout=\"dark\" video_bg_width=\"1920\" video_bg_height=\"638\" background_image=\"https:\/\/sicay.net\/wp-content\/uploads\/2015\/02\/Sicay-Gestion-des-m\u00e9dias-sociaux-1.jpg\"]Notre \u00e9quipe saura r\u00e9pondre \u00e0 vos besoins en mati\u00e8re web; rien ne nous \u00e9chappe.  Selon vos besoins et en fonction de votre march\u00e9 cible, nous nous engageons \u00e0 vous offrir des services de grandes qualit\u00e9s pour rentabiliser votre investissement.[\/et_pb_slide][\/et_pb_fullwidth_slider][\/et_pb_section][et_pb_section fullwidth=\"off\"][et_pb_row][et_pb_column type=\"1_3\"][et_pb_blurb admin_label=\"Blurb\" title=\"Design Web\" url_new_window=\"off\" animation=\"off\" background_layout=\"light\" text_orientation=\"left\" icon_placement=\"left\" font_icon=\"\ue0dc\" use_icon=\"on\" use_circle=\"off\" use_circle_border=\"off\" icon_color=\"#309ccf\" circle_color=\"#7c4dd5\" circle_border_color=\"#2caaca\"]Un design web personnalis\u00e9, \u00e0 l'aff\u00fbt des derni\u00e8res tendances et optimis\u00e9 pour l'exp\u00e9rience utilisateur.  Soyez pr\u00eat \u00e0 faire votre place sur le web![\/et_pb_blurb][\/et_pb_column][et_pb_column type=\"1_3\"][et_pb_blurb admin_label=\"Blurb\" title=\"Conception web\" url_new_window=\"off\" animation=\"off\" background_layout=\"light\" text_orientation=\"left\" icon_placement=\"left\" font_icon=\"\ue104\" use_icon=\"on\" use_circle=\"off\" use_circle_border=\"off\" icon_color=\"#309ccf\" circle_color=\"#7c4dd5\" circle_border_color=\"#2caaca\"]Selon vos besoins Sicay d\u00e9veloppe pour vous une strat\u00e9gie web pour rentabiliser votre investissement et rejoindre directement vos clients.[\/et_pb_blurb][\/et_pb_column][et_pb_column type=\"1_3\"][et_pb_blurb admin_label=\"Blurb\" title=\"Optimisation web\" url_new_window=\"off\" animation=\"off\" background_layout=\"light\" text_orientation=\"left\" icon_placement=\"left\" font_icon=\"\ue029\" use_icon=\"on\" use_circle=\"off\" use_circle_border=\"off\" icon_color=\"#309ccf\" circle_color=\"#7c4dd5\" circle_border_color=\"#2caaca\"]Optimisation compl\u00e8te de votre site web (e-optimisation) afin de maximiser la visibilit\u00e9 et l'accessibilit\u00e9 \u00e0 tout les niveaux de votre site web.[\/et_pb_blurb][\/et_pb_column][\/et_pb_row][et_pb_row][et_pb_column type=\"1_3\"][et_pb_blurb admin_label=\"Blurb\" title=\"Programmation web\" url_new_window=\"off\" animation=\"off\" background_layout=\"light\" text_orientation=\"left\" icon_placement=\"left\" font_icon=\"\ue0df\" use_icon=\"on\" use_circle=\"off\" use_circle_border=\"off\" icon_color=\"#309ccf\" circle_color=\"#7c4dd5\" circle_border_color=\"#2caaca\"]De la simple application web \u00e0 la conception d\u2019interfaces les plus complexes, la programmation n\u2019a plus aucun secret pour nous.[\/et_pb_blurb][\/et_pb_column][et_pb_column type=\"1_3\"][et_pb_blurb admin_label=\"Blurb\" title=\"Solution e-commerce\" url_new_window=\"off\" animation=\"off\" background_layout=\"light\" text_orientation=\"left\" icon_placement=\"left\" font_icon=\"\ue07a\" use_icon=\"on\" use_circle=\"off\" use_circle_border=\"off\" icon_color=\"#309ccf\" circle_color=\"#7c4dd5\" circle_border_color=\"#2caaca\"]Notre \u00e9quipe d\u2019expert peut vous doter d\u2019une plateforme de commerce \u00e9lectronique des plus performantes qui s\u2019aura rejoindre votre client\u00e8le![\/et_pb_blurb][\/et_pb_column][et_pb_column type=\"1_3\"][et_pb_blurb admin_label=\"Blurb\" title=\"Gestionnaire de contenu\" url_new_window=\"off\" animation=\"off\" background_layout=\"light\" text_orientation=\"left\" icon_placement=\"left\" font_icon=\"\ue005\" use_icon=\"on\" use_circle=\"off\" use_circle_border=\"off\" icon_color=\"#309ccf\" circle_color=\"#7c4dd5\" circle_border_color=\"#2caaca\"]Vous aimeriez g\u00e9rer votre site web vous m\u00eame? Nous avons les outils pour vous![\/et_pb_blurb][\/et_pb_column][\/et_pb_row][\/et_pb_section][et_pb_section fullwidth=\"on\" specialty=\"off\"][et_pb_fullwidth_portfolio admin_label=\"Fullwidth Portfolio\" fullwidth=\"on\" include_categories=\"2\" show_title=\"on\" show_date=\"off\" background_layout=\"light\" auto=\"off\" \/][\/et_pb_section][et_pb_section fullwidth=\"off\" inner_shadow=\"off\" parallax=\"off\" background_image=\"https:\/\/sicay.net\/wp-content\/uploads\/2015\/02\/sicay-agence-web-montr\u00e9al-rive-sud.png\" transparent_background=\"off\" parallax_method=\"off\"][et_pb_row][et_pb_column type=\"4_4\"][et_pb_cta admin_label=\"Call To Action\" button_url=\"https:\/\/sicay.net\/contactez-nous\/\" button_text=\"Contactez notre \u00e9quipe!\" background_color=\"#7ebec5\" use_background_color=\"off\" background_layout=\"dark\" text_orientation=\"center\"]<h1>Faire votre place sur le web n'aura jamais \u00e9t\u00e9 aussi facile et agr\u00e9able.<\/h1>[\/et_pb_cta][\/et_pb_column][\/et_pb_row][\/et_pb_section]","_et_gb_content_width":"","footnotes":""},"class_list":["post-706","page","type-page","status-publish","hentry"],"yoast_head":"<!-- This site is optimized with the Yoast SEO plugin v27.3 - https:\/\/yoast.com\/product\/yoast-seo-wordpress\/ -->\n<title>Gestion M\u00e9dias Sociaux - Sicay<\/title>\n<meta name=\"robots\" content=\"index, follow, max-snippet:-1, max-image-preview:large, max-video-preview:-1\" \/>\n<link rel=\"canonical\" href=\"https:\/\/sicay.net\/en\/gestion-medias-sociaux\/\" \/>\n<meta property=\"og:locale\" content=\"en_US\" \/>\n<meta property=\"og:type\" content=\"article\" \/>\n<meta property=\"og:title\" content=\"Gestion M\u00e9dias Sociaux - Sicay\" \/>\n<meta property=\"og:description\" content=\"Les M\u00e9dias Sociaux repr\u00e9sentent aujourd&#039;hui une mine d&#039;or pour les entreprises. Si ceux-ci sont utilis\u00e9s et g\u00e9r\u00e9s ad\u00e9quatement, ils vous permettront un contact direct avec votre client\u00e8le et une excellente fa\u00e7on de v\u00e9hiculer votre marque. Laissez-nous la\u00a0gestion des m\u00e9dias sociaux de votre entreprise, vous n&#039;y verrai que du positif! Laissez-nous la gestion des m\u00e9dias [&hellip;]\" \/>\n<meta property=\"og:url\" content=\"https:\/\/sicay.net\/en\/gestion-medias-sociaux\/\" \/>\n<meta property=\"og:site_name\" content=\"Sicay\" \/>\n<meta property=\"article:publisher\" content=\"https:\/\/www.facebook.com\/sicay.ca\/\" \/>\n<meta name=\"twitter:card\" content=\"summary_large_image\" \/>\n<meta name=\"twitter:label1\" content=\"Est. reading time\" \/>\n\t<meta name=\"twitter:data1\" content=\"2 minutes\" \/>\n<script type=\"application\/ld+json\" class=\"yoast-schema-graph\">{\"@context\":\"https:\\\/\\\/schema.org\",\"@graph\":[{\"@type\":\"WebPage\",\"@id\":\"https:\\\/\\\/sicay.net\\\/en\\\/gestion-medias-sociaux\\\/\",\"url\":\"https:\\\/\\\/sicay.net\\\/en\\\/gestion-medias-sociaux\\\/\",\"name\":\"Gestion M\u00e9dias Sociaux - Sicay\",\"isPartOf\":{\"@id\":\"https:\\\/\\\/sicay.net\\\/#website\"},\"datePublished\":\"2015-10-21T14:21:24+00:00\",\"breadcrumb\":{\"@id\":\"https:\\\/\\\/sicay.net\\\/en\\\/gestion-medias-sociaux\\\/#breadcrumb\"},\"inLanguage\":\"en-US\",\"potentialAction\":[{\"@type\":\"ReadAction\",\"target\":[\"https:\\\/\\\/sicay.net\\\/en\\\/gestion-medias-sociaux\\\/\"]}]},{\"@type\":\"BreadcrumbList\",\"@id\":\"https:\\\/\\\/sicay.net\\\/en\\\/gestion-medias-sociaux\\\/#breadcrumb\",\"itemListElement\":[{\"@type\":\"ListItem\",\"position\":1,\"name\":\"Accueil\",\"item\":\"https:\\\/\\\/sicay.net\\\/en\\\/\"},{\"@type\":\"ListItem\",\"position\":2,\"name\":\"Gestion M\u00e9dias Sociaux\"}]},{\"@type\":\"WebSite\",\"@id\":\"https:\\\/\\\/sicay.net\\\/#website\",\"url\":\"https:\\\/\\\/sicay.net\\\/\",\"name\":\"Sicay\",\"description\":\"Just another WordPress site\",\"potentialAction\":[{\"@type\":\"SearchAction\",\"target\":{\"@type\":\"EntryPoint\",\"urlTemplate\":\"https:\\\/\\\/sicay.net\\\/?s={search_term_string}\"},\"query-input\":{\"@type\":\"PropertyValueSpecification\",\"valueRequired\":true,\"valueName\":\"search_term_string\"}}],\"inLanguage\":\"en-US\"}]}<\/script>\n<!-- \/ Yoast SEO plugin. -->","yoast_head_json":{"title":"Gestion M\u00e9dias Sociaux - Sicay","robots":{"index":"index","follow":"follow","max-snippet":"max-snippet:-1","max-image-preview":"max-image-preview:large","max-video-preview":"max-video-preview:-1"},"canonical":"https:\/\/sicay.net\/en\/gestion-medias-sociaux\/","og_locale":"en_US","og_type":"article","og_title":"Gestion M\u00e9dias Sociaux - Sicay","og_description":"Les M\u00e9dias Sociaux repr\u00e9sentent aujourd'hui une mine d'or pour les entreprises. Si ceux-ci sont utilis\u00e9s et g\u00e9r\u00e9s ad\u00e9quatement, ils vous permettront un contact direct avec votre client\u00e8le et une excellente fa\u00e7on de v\u00e9hiculer votre marque. Laissez-nous la\u00a0gestion des m\u00e9dias sociaux de votre entreprise, vous n'y verrai que du positif! Laissez-nous la gestion des m\u00e9dias [&hellip;]","og_url":"https:\/\/sicay.net\/en\/gestion-medias-sociaux\/","og_site_name":"Sicay","article_publisher":"https:\/\/www.facebook.com\/sicay.ca\/","twitter_card":"summary_large_image","twitter_misc":{"Est. reading time":"2 minutes"},"schema":{"@context":"https:\/\/schema.org","@graph":[{"@type":"WebPage","@id":"https:\/\/sicay.net\/en\/gestion-medias-sociaux\/","url":"https:\/\/sicay.net\/en\/gestion-medias-sociaux\/","name":"Gestion M\u00e9dias Sociaux - Sicay","isPartOf":{"@id":"https:\/\/sicay.net\/#website"},"datePublished":"2015-10-21T14:21:24+00:00","breadcrumb":{"@id":"https:\/\/sicay.net\/en\/gestion-medias-sociaux\/#breadcrumb"},"inLanguage":"en-US","potentialAction":[{"@type":"ReadAction","target":["https:\/\/sicay.net\/en\/gestion-medias-sociaux\/"]}]},{"@type":"BreadcrumbList","@id":"https:\/\/sicay.net\/en\/gestion-medias-sociaux\/#breadcrumb","itemListElement":[{"@type":"ListItem","position":1,"name":"Accueil","item":"https:\/\/sicay.net\/en\/"},{"@type":"ListItem","position":2,"name":"Gestion M\u00e9dias Sociaux"}]},{"@type":"WebSite","@id":"https:\/\/sicay.net\/#website","url":"https:\/\/sicay.net\/","name":"Sicay","description":"Just another WordPress site","potentialAction":[{"@type":"SearchAction","target":{"@type":"EntryPoint","urlTemplate":"https:\/\/sicay.net\/?s={search_term_string}"},"query-input":{"@type":"PropertyValueSpecification","valueRequired":true,"valueName":"search_term_string"}}],"inLanguage":"en-US"}]}},"amp_enabled":true,"_links":{"self":[{"href":"https:\/\/sicay.net\/en\/wp-json\/wp\/v2\/pages\/706","targetHints":{"allow":["GET"]}}],"collection":[{"href":"https:\/\/sicay.net\/en\/wp-json\/wp\/v2\/pages"}],"about":[{"href":"https:\/\/sicay.net\/en\/wp-json\/wp\/v2\/types\/page"}],"author":[{"embeddable":true,"href":"https:\/\/sicay.net\/en\/wp-json\/wp\/v2\/users\/1"}],"replies":[{"embeddable":true,"href":"https:\/\/sicay.net\/en\/wp-json\/wp\/v2\/comments?post=706"}],"version-history":[{"count":1,"href":"https:\/\/sicay.net\/en\/wp-json\/wp\/v2\/pages\/706\/revisions"}],"predecessor-version":[{"id":707,"href":"https:\/\/sicay.net\/en\/wp-json\/wp\/v2\/pages\/706\/revisions\/707"}],"wp:attachment":[{"href":"https:\/\/sicay.net\/en\/wp-json\/wp\/v2\/media?parent=706"}],"curies":[{"name":"wp","href":"https:\/\/api.w.org\/{rel}","templated":true}]}}