{"id":708,"date":"2015-10-21T14:44:57","date_gmt":"2015-10-21T14:44:57","guid":{"rendered":"https:\/\/sicay.net\/en\/?page_id=708"},"modified":"2015-10-21T14:44:57","modified_gmt":"2015-10-21T14:44:57","slug":"hebergement-web","status":"publish","type":"page","link":"https:\/\/sicay.net\/en\/hebergement-web\/","title":{"rendered":"H\u00e9bergement web"},"content":{"rendered":"<p>[et_pb_section fullwidth=&#8221;on&#8221; specialty=&#8221;off&#8221; background_color=&#8221;#ffffff&#8221; inner_shadow=&#8221;off&#8221; parallax=&#8221;off&#8221;][et_pb_fullwidth_slider admin_label=&#8221;Fullwidth Slider&#8221; show_arrows=&#8221;on&#8221; show_pagination=&#8221;on&#8221; auto=&#8221;off&#8221; parallax=&#8221;off&#8221; parallax_method=&#8221;off&#8221; module_class=&#8221;slider-max-height&#8221;][et_pb_slide heading=&#8221;Un H\u00e9bergement qui r\u00e9pond \u00e0 vos besoins&#8221; background_color=&#8221;#efefef&#8221; alignment=&#8221;center&#8221; background_layout=&#8221;dark&#8221; background_image=&#8221;https:\/\/sicay.net\/wp-content\/uploads\/2015\/02\/sicay-hebergement-web-montreal.jpg&#8221;]<\/p>\n<p>Vous \u00eates \u00e0 la recherche d\u2019un <strong>h\u00e9bergement web<\/strong>? Sicay est l\u00e0 pour vous! Nos forfaits, tout comme notre service, sont flexibles et performants! Sicay vous offre une vaste gamme de produits pour votre <strong>h\u00e9bergement web<\/strong> \u00e0 des prix tr\u00e8s comp\u00e9titif et un support technique des plus professionnels. De plus, nous offrons un <strong>h\u00e9bergement web gratuit<\/strong>\u00a0pour 1 an avec un service\u00a0de <strong>conception de site web.<\/strong><\/p>\n<p>[\/et_pb_slide][\/et_pb_fullwidth_slider][\/et_pb_section][et_pb_section fullwidth=&#8221;off&#8221; specialty=&#8221;off&#8221;][et_pb_row][et_pb_column type=&#8221;1_3&#8243;][et_pb_blurb admin_label=&#8221;Blurb&#8221; title=&#8221;Support 24 \/ 7&#8243; url_new_window=&#8221;off&#8221; use_icon=&#8221;on&#8221; font_icon=&#8221;\ue028&#8221; icon_color=&#8221;#2ea3f2&#8243; use_circle=&#8221;off&#8221; circle_color=&#8221;#108bf5&#8243; use_circle_border=&#8221;off&#8221; circle_border_color=&#8221;#108bf5&#8243; icon_placement=&#8221;left&#8221; animation=&#8221;top&#8221; background_layout=&#8221;light&#8221; text_orientation=&#8221;center&#8221; \/][\/et_pb_column][et_pb_column type=&#8221;1_3&#8243;][et_pb_blurb admin_label=&#8221;Blurb&#8221; title=&#8221;Service de qualit\u00e9&#8221; url_new_window=&#8221;off&#8221; use_icon=&#8221;on&#8221; font_icon=&#8221;\ue033&#8221; icon_color=&#8221;#2ea3f2&#8243; use_circle=&#8221;off&#8221; circle_color=&#8221;#108bf5&#8243; use_circle_border=&#8221;off&#8221; circle_border_color=&#8221;#108bf5&#8243; icon_placement=&#8221;left&#8221; animation=&#8221;top&#8221; background_layout=&#8221;light&#8221; text_orientation=&#8221;center&#8221; \/][\/et_pb_column][et_pb_column type=&#8221;1_3&#8243;][et_pb_blurb admin_label=&#8221;Blurb&#8221; title=&#8221;Service s\u00e9curitaire&#8221; url_new_window=&#8221;off&#8221; use_icon=&#8221;on&#8221; font_icon=&#8221;\ue001&#8221; icon_color=&#8221;#2ea3f2&#8243; use_circle=&#8221;off&#8221; circle_color=&#8221;#108bf5&#8243; use_circle_border=&#8221;off&#8221; circle_border_color=&#8221;#108bf5&#8243; icon_placement=&#8221;left&#8221; animation=&#8221;top&#8221; background_layout=&#8221;light&#8221; text_orientation=&#8221;center&#8221; \/][\/et_pb_column][\/et_pb_row][\/et_pb_section][et_pb_section fullwidth=&#8221;off&#8221; specialty=&#8221;off&#8221; background_color=&#8221;#f3f3f3&#8243; inner_shadow=&#8221;on&#8221; parallax=&#8221;off&#8221;][et_pb_row][et_pb_column type=&#8221;4_4&#8243;][et_pb_pricing_tables admin_label=&#8221;Pricing Table&#8221;][et_pb_pricing_table featured=&#8221;off&#8221; title=&#8221;H\u00e9bergement web Mini&#8221; currency=&#8221;$&#8221; per=&#8221;mois&#8221; sum=&#8221;2.95&#8243;]<\/p>\n<p>+Espace disque (GO) : 2<br \/>\n+Domaine h\u00e9berg\u00e9: 1<br \/>\n+Compte courriel : 5<br \/>\n+Base de donn\u00e9es MySQL : 1<br \/>\n+Comptes FTP: 2<br \/>\nPrix du nom de domaine en sus.<\/p>\n<p>[\/et_pb_pricing_table][et_pb_pricing_table featured=&#8221;off&#8221; title=&#8221;H\u00e9bergement web De base&#8221; currency=&#8221;$&#8221; per=&#8221;mois&#8221; sum=&#8221;4.95&#8243;]<\/p>\n<p>+Espace disque (GO) : 5<br \/>\n+Domaine h\u00e9berg\u00e9: 5<br \/>\n+Compte courriel : 10<br \/>\n+Base de donn\u00e9es MySQL : 5<br \/>\n+Comptes FTP: 5<br \/>\n+Prix du nom de domaine en sus.<\/p>\n<p>[\/et_pb_pricing_table][et_pb_pricing_table featured=&#8221;on&#8221; title=&#8221;H\u00e9bergement web Interm\u00e9diaire&#8221; currency=&#8221;$&#8221; per=&#8221;mois&#8221; sum=&#8221;10.95 &#8220;]<\/p>\n<p>+Espace disque (GO) : 10<br \/>\n+Domaines h\u00e9berg\u00e9s : 10<br \/>\n+Compte courriel : 50<br \/>\n+Base de donn\u00e9es MySQL : 10<br \/>\n+Comptes FTP : 10<br \/>\n+Prix des noms de domaine en sus.<\/p>\n<p>[\/et_pb_pricing_table][et_pb_pricing_table featured=&#8221;off&#8221; title=&#8221;H\u00e9bergement web Super&#8221; currency=&#8221;$&#8221; sum=&#8221;22.95 &#8221; per=&#8221;mois&#8221;]<\/p>\n<p>+Espace disque (GO) : 20<br \/>\n+Domaines h\u00e9berg\u00e9s: 15<br \/>\n+Compte courriel : 200<br \/>\n+Base de donn\u00e9es MySQL : 20<br \/>\n+Comptes FTP: 20<br \/>\n+Prix des noms de domaine en sus.<\/p>\n<p>[\/et_pb_pricing_table][\/et_pb_pricing_tables][\/et_pb_column][\/et_pb_row][et_pb_row][et_pb_column type=&#8221;1_2&#8243;][et_pb_blurb admin_label=&#8221;Blurb&#8221; title=&#8221;Options suppl\u00e9mentaires&#8221; url_new_window=&#8221;off&#8221; use_icon=&#8221;on&#8221; font_icon=&#8221;\ue60f&#8221; icon_color=&#8221;#ffffff&#8221; use_circle=&#8221;on&#8221; circle_color=&#8221;#309ccf&#8221; use_circle_border=&#8221;off&#8221; circle_border_color=&#8221;#309ccf&#8221; icon_placement=&#8221;top&#8221; animation=&#8221;top&#8221; background_layout=&#8221;light&#8221; text_orientation=&#8221;center&#8221;]<\/p>\n<p>Nom de domaine suppl\u00e9mentaire 0,50$ \/ mois<br \/>\nBase de donn\u00e9e suppl\u00e9mentaire 1,00$ \/ mois<br \/>\nDomaine alias suppl\u00e9mentaire 0,50$ \/ mois<\/p>\n<p>[\/et_pb_blurb][\/et_pb_column][et_pb_column type=&#8221;1_2&#8243;][et_pb_blurb admin_label=&#8221;Blurb&#8221; title=&#8221;Domaines&#8221; url_new_window=&#8221;off&#8221; use_icon=&#8221;on&#8221; font_icon=&#8221;\ue60f&#8221; icon_color=&#8221;#ffffff&#8221; use_circle=&#8221;on&#8221; circle_color=&#8221;#309ccf&#8221; use_circle_border=&#8221;off&#8221; circle_border_color=&#8221;#309ccf&#8221; icon_placement=&#8221;top&#8221; animation=&#8221;top&#8221; background_layout=&#8221;light&#8221; text_orientation=&#8221;center&#8221;].com, .net, .org, .info, .biz, .us 12,95$ \/ an<br \/>\n.ca 15,95$ \/ an[\/et_pb_blurb][\/et_pb_column][\/et_pb_row][\/et_pb_section][et_pb_section fullwidth=&#8221;off&#8221; specialty=&#8221;off&#8221; background_image=&#8221;https:\/\/sicay.net\/wp-content\/uploads\/2015\/04\/sicay-agence-web-montr\u00e9al-rive-sud.png&#8221; background_color=&#8221;#ffffff&#8221; inner_shadow=&#8221;on&#8221; parallax=&#8221;off&#8221; transparent_background=&#8221;off&#8221; parallax_method=&#8221;off&#8221;][et_pb_row][et_pb_column type=&#8221;4_4&#8243;][et_pb_cta admin_label=&#8221;Call To Action&#8221; title=&#8221;Ne soyez pas g\u00eaner!&#8221; button_url=&#8221;https:\/\/sicay.net\/contactez-nous\/&#8221; button_text=&#8221;Contactez-nous!&#8221; use_background_color=&#8221;off&#8221; background_color=&#8221;#108bf5&#8243; background_layout=&#8221;dark&#8221; text_orientation=&#8221;center&#8221;]<\/p>\n<p>Si vous souhaitez discuter avec nous de votre projet de conception de site web, de conception graphique, de r\u00e9f\u00e9rencement web (SEO) ou d&#8217;h\u00e9bergement web,\u00a0il nous fera plaisir d&#8217;en discuter avec vous!<\/p>\n<p>[\/et_pb_cta][\/et_pb_column][\/et_pb_row][\/et_pb_section]<\/p>\n<span class=\"et_bloom_bottom_trigger\"><\/span>","protected":false},"excerpt":{"rendered":"<p>Vous \u00eates \u00e0 la recherche d\u2019un h\u00e9bergement web? Sicay est l\u00e0 pour vous! Nos forfaits, tout comme notre service, sont flexibles et performants! Sicay vous offre une vaste gamme de produits pour votre h\u00e9bergement web \u00e0 des prix tr\u00e8s comp\u00e9titif et un support technique des plus professionnels. De plus, nous offrons un h\u00e9bergement web gratuit\u00a0pour [&hellip;]<\/p>\n","protected":false},"author":1,"featured_media":0,"parent":0,"menu_order":0,"comment_status":"open","ping_status":"closed","template":"","meta":{"_et_pb_use_builder":"on","_et_pb_old_content":"","_et_gb_content_width":"","footnotes":""},"class_list":["post-708","page","type-page","status-publish","hentry"],"yoast_head":"<!-- This site is optimized with the Yoast SEO plugin v27.3 - https:\/\/yoast.com\/product\/yoast-seo-wordpress\/ -->\n<title>H\u00e9bergement web - Sicay<\/title>\n<meta name=\"robots\" content=\"index, follow, max-snippet:-1, max-image-preview:large, max-video-preview:-1\" \/>\n<link rel=\"canonical\" href=\"https:\/\/sicay.net\/en\/hebergement-web\/\" \/>\n<meta property=\"og:locale\" content=\"en_US\" \/>\n<meta property=\"og:type\" content=\"article\" \/>\n<meta property=\"og:title\" content=\"H\u00e9bergement web - Sicay\" \/>\n<meta property=\"og:description\" content=\"Vous \u00eates \u00e0 la recherche d\u2019un h\u00e9bergement web? Sicay est l\u00e0 pour vous! Nos forfaits, tout comme notre service, sont flexibles et performants! Sicay vous offre une vaste gamme de produits pour votre h\u00e9bergement web \u00e0 des prix tr\u00e8s comp\u00e9titif et un support technique des plus professionnels. De plus, nous offrons un h\u00e9bergement web gratuit\u00a0pour [&hellip;]\" \/>\n<meta property=\"og:url\" content=\"https:\/\/sicay.net\/en\/hebergement-web\/\" \/>\n<meta property=\"og:site_name\" content=\"Sicay\" \/>\n<meta property=\"article:publisher\" content=\"https:\/\/www.facebook.com\/sicay.ca\/\" \/>\n<meta name=\"twitter:card\" content=\"summary_large_image\" \/>\n<meta name=\"twitter:label1\" content=\"Est. reading time\" \/>\n\t<meta name=\"twitter:data1\" content=\"4 minutes\" \/>\n<script type=\"application\/ld+json\" class=\"yoast-schema-graph\">{\"@context\":\"https:\\\/\\\/schema.org\",\"@graph\":[{\"@type\":\"WebPage\",\"@id\":\"https:\\\/\\\/sicay.net\\\/en\\\/hebergement-web\\\/\",\"url\":\"https:\\\/\\\/sicay.net\\\/en\\\/hebergement-web\\\/\",\"name\":\"H\u00e9bergement web - Sicay\",\"isPartOf\":{\"@id\":\"https:\\\/\\\/sicay.net\\\/#website\"},\"datePublished\":\"2015-10-21T14:44:57+00:00\",\"breadcrumb\":{\"@id\":\"https:\\\/\\\/sicay.net\\\/en\\\/hebergement-web\\\/#breadcrumb\"},\"inLanguage\":\"en-US\",\"potentialAction\":[{\"@type\":\"ReadAction\",\"target\":[\"https:\\\/\\\/sicay.net\\\/en\\\/hebergement-web\\\/\"]}]},{\"@type\":\"BreadcrumbList\",\"@id\":\"https:\\\/\\\/sicay.net\\\/en\\\/hebergement-web\\\/#breadcrumb\",\"itemListElement\":[{\"@type\":\"ListItem\",\"position\":1,\"name\":\"Accueil\",\"item\":\"https:\\\/\\\/sicay.net\\\/en\\\/\"},{\"@type\":\"ListItem\",\"position\":2,\"name\":\"H\u00e9bergement web\"}]},{\"@type\":\"WebSite\",\"@id\":\"https:\\\/\\\/sicay.net\\\/#website\",\"url\":\"https:\\\/\\\/sicay.net\\\/\",\"name\":\"Sicay\",\"description\":\"Just another WordPress site\",\"potentialAction\":[{\"@type\":\"SearchAction\",\"target\":{\"@type\":\"EntryPoint\",\"urlTemplate\":\"https:\\\/\\\/sicay.net\\\/?s={search_term_string}\"},\"query-input\":{\"@type\":\"PropertyValueSpecification\",\"valueRequired\":true,\"valueName\":\"search_term_string\"}}],\"inLanguage\":\"en-US\"}]}<\/script>\n<!-- \/ Yoast SEO plugin. -->","yoast_head_json":{"title":"H\u00e9bergement web - Sicay","robots":{"index":"index","follow":"follow","max-snippet":"max-snippet:-1","max-image-preview":"max-image-preview:large","max-video-preview":"max-video-preview:-1"},"canonical":"https:\/\/sicay.net\/en\/hebergement-web\/","og_locale":"en_US","og_type":"article","og_title":"H\u00e9bergement web - Sicay","og_description":"Vous \u00eates \u00e0 la recherche d\u2019un h\u00e9bergement web? Sicay est l\u00e0 pour vous! Nos forfaits, tout comme notre service, sont flexibles et performants! Sicay vous offre une vaste gamme de produits pour votre h\u00e9bergement web \u00e0 des prix tr\u00e8s comp\u00e9titif et un support technique des plus professionnels. De plus, nous offrons un h\u00e9bergement web gratuit\u00a0pour [&hellip;]","og_url":"https:\/\/sicay.net\/en\/hebergement-web\/","og_site_name":"Sicay","article_publisher":"https:\/\/www.facebook.com\/sicay.ca\/","twitter_card":"summary_large_image","twitter_misc":{"Est. reading time":"4 minutes"},"schema":{"@context":"https:\/\/schema.org","@graph":[{"@type":"WebPage","@id":"https:\/\/sicay.net\/en\/hebergement-web\/","url":"https:\/\/sicay.net\/en\/hebergement-web\/","name":"H\u00e9bergement web - Sicay","isPartOf":{"@id":"https:\/\/sicay.net\/#website"},"datePublished":"2015-10-21T14:44:57+00:00","breadcrumb":{"@id":"https:\/\/sicay.net\/en\/hebergement-web\/#breadcrumb"},"inLanguage":"en-US","potentialAction":[{"@type":"ReadAction","target":["https:\/\/sicay.net\/en\/hebergement-web\/"]}]},{"@type":"BreadcrumbList","@id":"https:\/\/sicay.net\/en\/hebergement-web\/#breadcrumb","itemListElement":[{"@type":"ListItem","position":1,"name":"Accueil","item":"https:\/\/sicay.net\/en\/"},{"@type":"ListItem","position":2,"name":"H\u00e9bergement web"}]},{"@type":"WebSite","@id":"https:\/\/sicay.net\/#website","url":"https:\/\/sicay.net\/","name":"Sicay","description":"Just another WordPress site","potentialAction":[{"@type":"SearchAction","target":{"@type":"EntryPoint","urlTemplate":"https:\/\/sicay.net\/?s={search_term_string}"},"query-input":{"@type":"PropertyValueSpecification","valueRequired":true,"valueName":"search_term_string"}}],"inLanguage":"en-US"}]}},"amp_enabled":true,"_links":{"self":[{"href":"https:\/\/sicay.net\/en\/wp-json\/wp\/v2\/pages\/708","targetHints":{"allow":["GET"]}}],"collection":[{"href":"https:\/\/sicay.net\/en\/wp-json\/wp\/v2\/pages"}],"about":[{"href":"https:\/\/sicay.net\/en\/wp-json\/wp\/v2\/types\/page"}],"author":[{"embeddable":true,"href":"https:\/\/sicay.net\/en\/wp-json\/wp\/v2\/users\/1"}],"replies":[{"embeddable":true,"href":"https:\/\/sicay.net\/en\/wp-json\/wp\/v2\/comments?post=708"}],"version-history":[{"count":1,"href":"https:\/\/sicay.net\/en\/wp-json\/wp\/v2\/pages\/708\/revisions"}],"predecessor-version":[{"id":709,"href":"https:\/\/sicay.net\/en\/wp-json\/wp\/v2\/pages\/708\/revisions\/709"}],"wp:attachment":[{"href":"https:\/\/sicay.net\/en\/wp-json\/wp\/v2\/media?parent=708"}],"curies":[{"name":"wp","href":"https:\/\/api.w.org\/{rel}","templated":true}]}}