{"id":712,"date":"2015-10-21T16:24:09","date_gmt":"2015-10-21T16:24:09","guid":{"rendered":"https:\/\/sicay.net\/en\/?page_id=712"},"modified":"2015-10-21T16:24:09","modified_gmt":"2015-10-21T16:24:09","slug":"referencement-de-site-web","status":"publish","type":"page","link":"https:\/\/sicay.net\/en\/referencement-de-site-web\/","title":{"rendered":"R\u00e9f\u00e9rencement de site web"},"content":{"rendered":"<p>[et_pb_section fullwidth=&#8221;on&#8221; specialty=&#8221;off&#8221; background_color=&#8221;#ffffff&#8221; inner_shadow=&#8221;off&#8221; parallax=&#8221;on&#8221; background_image=&#8221;https:\/\/sicay.net\/wp-content\/uploads\/2015\/02\/Sicay-referencement-seo.png&#8221; transparent_background=&#8221;off&#8221; parallax_method=&#8221;off&#8221;][et_pb_fullwidth_slider admin_label=&#8221;Fullwidth Slider&#8221; show_arrows=&#8221;on&#8221; show_pagination=&#8221;on&#8221; auto=&#8221;off&#8221; parallax=&#8221;on&#8221; parallax_method=&#8221;off&#8221;][et_pb_slide heading=&#8221;Un bon r\u00e9f\u00e9rencement de site web pour rentabiliser votre investissement!&#8221; alignment=&#8221;center&#8221; background_layout=&#8221;dark&#8221; background_image=&#8221;https:\/\/sicay.net\/wp-content\/uploads\/2015\/02\/referencement-web-seo-sicay-montreal.jpg&#8221; background_color=&#8221;#ffffff&#8221;]<\/p>\n<p>Une fois votre <strong>site web<\/strong> d\u2019entreprise cr\u00e9\u00e9, un service de\u00a0<strong>r\u00e9f\u00e9rencement de site web<\/strong> (<strong>SEO<\/strong>) et d&#8217;<strong>optimisation de contenu web\u00a0<\/strong>sont<strong>\u00a0<\/strong>crucial pour votre visibilit\u00e9 et pour assurer le retour sur investissement de votre nouveau <strong>site web<\/strong>. Sans un bon\u00a0<strong>r\u00e9f\u00e9rencement de site web<\/strong> (<strong>SEO<\/strong>) et une\u00a0<strong>optimisation de contenu<\/strong> de votre site, vous n\u2019aurez presque\u00a0aucun visiteur sur votre <strong>site web<\/strong>.<\/p>\n<p>[\/et_pb_slide][\/et_pb_fullwidth_slider][\/et_pb_section][et_pb_section fullwidth=&#8221;off&#8221; specialty=&#8221;off&#8221; background_color=&#8221;#353535&#8243; inner_shadow=&#8221;off&#8221; parallax=&#8221;off&#8221;][et_pb_row][et_pb_column type=&#8221;1_4&#8243;][et_pb_number_counter admin_label=&#8221;Number Counter&#8221; title=&#8221;Publicit\u00e9 Google Adwords&#8221; number=&#8221;88&#8243; percent_sign=&#8221;on&#8221; background_layout=&#8221;dark&#8221; counter_color=&#8221;#2ea3f2&#8243; \/][\/et_pb_column][et_pb_column type=&#8221;1_4&#8243;][et_pb_number_counter admin_label=&#8221;Number Counter&#8221; title=&#8221;Optimisation de contenu web&#8221; number=&#8221;94&#8243; percent_sign=&#8221;on&#8221; background_layout=&#8221;dark&#8221; counter_color=&#8221;#309ccf&#8221; \/][\/et_pb_column][et_pb_column type=&#8221;1_4&#8243;][et_pb_number_counter admin_label=&#8221;Number Counter&#8221; title=&#8221;R\u00e9f\u00e9rencement naturel&#8221; number=&#8221;91&#8243; percent_sign=&#8221;on&#8221; background_layout=&#8221;dark&#8221; counter_color=&#8221;#309ccf&#8221; \/][\/et_pb_column][et_pb_column type=&#8221;1_4&#8243;][et_pb_number_counter admin_label=&#8221;Number Counter&#8221; title=&#8221;R\u00e9f\u00e9rencement payant&#8221; number=&#8221;95&#8243; percent_sign=&#8221;on&#8221; background_layout=&#8221;dark&#8221; counter_color=&#8221;#309ccf&#8221; \/][\/et_pb_column][\/et_pb_row][\/et_pb_section][et_pb_section fullwidth=&#8221;off&#8221; specialty=&#8221;off&#8221; transparent_background=&#8221;off&#8221; background_color=&#8221;#2ea3f2&#8243; inner_shadow=&#8221;off&#8221; parallax=&#8221;off&#8221; parallax_method=&#8221;off&#8221;][et_pb_row][et_pb_column type=&#8221;4_4&#8243;][et_pb_text admin_label=&#8221;Text&#8221; background_layout=&#8221;dark&#8221; text_orientation=&#8221;center&#8221;]<\/p>\n<h1 style=\"text-align: center;\">Forfait de r\u00e9f\u00e9rencement \u00e0 la carte (SEO)<\/h1>\n<p style=\"text-align: center;\">Chez <strong>Sicay<\/strong>, le <strong>r\u00e9f\u00e9rencement<\/strong>, on conna\u00eet \u00e7a!<\/p>\n<p style=\"text-align: center;\">Vous voulez voguer sur la vague? <strong>Optimisez<\/strong> votre <strong>site web<\/strong> pour les moteurs de recherche gr\u00e2ce \u00e0 un de nos forfait de r\u00e9f\u00e9rencement \u00e0 la carte. \u00a0Il est temps de faire votre place sur le <strong>web<\/strong>!<\/p>\n<p style=\"text-align: center;\"><img loading=\"lazy\" decoding=\"async\" class=\"aligncenter size-full wp-image-265\" src=\"https:\/\/sicay.net\/wp-content\/uploads\/2015\/02\/arrow-bottom.png\" alt=\"arrow-bottom\" width=\"100\" height=\"61\" \/><\/p>\n<p>[\/et_pb_text][\/et_pb_column][\/et_pb_row][\/et_pb_section][et_pb_section background_color=&#8221;#3a3a3a&#8221; inner_shadow=&#8221;off&#8221; parallax=&#8221;on&#8221; background_image=&#8221;https:\/\/sicay.net\/wp-content\/uploads\/2015\/02\/Sicay-referencement-seo.png&#8221; transparent_background=&#8221;off&#8221; parallax_method=&#8221;off&#8221;][et_pb_row][et_pb_column type=&#8221;4_4&#8243;][et_pb_pricing_tables admin_label=&#8221;Pricing Table&#8221; module_class=&#8221;margin-t&#8221;][et_pb_pricing_table featured=&#8221;off&#8221; title=&#8221;Marketing de contenu&#8221; currency=&#8221;$&#8221; sum=&#8221;225&#8243;]+Conception d\u2019une rubrique \u00ab<strong>blog<\/strong>\u00bb<br \/>\n+Analyse des <strong>mots cl\u00e9s<\/strong> \u00e0 cibler dans les articles et recherche de contenu d\u2019actualit\u00e9<br \/>\n+Publication de contenu (5 articles) et <strong>optimisation<\/strong> de ses m\u00e9tas donn\u00e9e[\/et_pb_pricing_table][et_pb_pricing_table featured=&#8221;on&#8221; title=&#8221;Optimisation de contenu&#8221; currency=&#8221;$&#8221; sum=&#8221;275&#8243;]+Analyse du <strong>march\u00e9 cible<\/strong> et de la <strong>concurrence<\/strong><br \/>\n+R\u00e9daction des <strong>m\u00e9tas description<\/strong> et titre des pages du <strong>site Web<\/strong><br \/>\n+<strong>Optimisation<\/strong> de la structure de navigation interne entre les pages<br \/>\n+<strong>Optimisation<\/strong> des balises \u00ab Title \u00bb selon les <strong>mots cl\u00e9s<\/strong> principaux<br \/>\n+<strong>Optimisation<\/strong> de la densit\u00e9 de <strong>mots cl\u00e9s<\/strong> par page<br \/>\n+<strong>Optimisation<\/strong> des images et de leur description[\/et_pb_pricing_table][et_pb_pricing_table featured=&#8221;off&#8221; title=&#8221;Liens externes&#8221; currency=&#8221;$&#8221; sum=&#8221;195&#8243;]+Cr\u00e9ation de la page <strong>Google Adresse<\/strong> et <strong>Google Plus<\/strong> Local (g\u00e9olocalisation)<br \/>\n+Cr\u00e9ation de fiches (3) d\u2019entreprise dans les r\u00e9pertoires d\u2019entreprises<br \/>\n+Cr\u00e9ation de liens \u00e0 partir d\u2019annuaires (3) sp\u00e9cialis\u00e9s dans votre <strong>domaine<\/strong><br \/>\n+Cr\u00e9ation de nouveaux liens (5) \u00e0 partir d\u2019annuaires g\u00e9n\u00e9raux[\/et_pb_pricing_table][et_pb_pricing_table featured=&#8221;off&#8221; title=&#8221;1\u00e8re campagne Adwords&#8221; currency=&#8221;$&#8221; sum=&#8221;300&#8243;]+Analyse de la comp\u00e9tition et des tendances de recherche du secteur cibl\u00e9 (<strong>mots cl\u00e9s<\/strong>)<br \/>\n+Conception de la publicit\u00e9<strong> Google Adwords<\/strong><br \/>\n+Analyse des rapports, des statistiques et de l\u2019impact de la publicit\u00e9 et r\u00e9ajustement au besoin pendant une semaine.[\/et_pb_pricing_table][\/et_pb_pricing_tables][\/et_pb_column][\/et_pb_row][\/et_pb_section][et_pb_section fullwidth=&#8221;off&#8221; specialty=&#8221;off&#8221; transparent_background=&#8221;off&#8221; background_color=&#8221;#2ea3f2&#8243; inner_shadow=&#8221;off&#8221; parallax=&#8221;off&#8221; parallax_method=&#8221;off&#8221;][et_pb_row][et_pb_column type=&#8221;4_4&#8243;][et_pb_text admin_label=&#8221;Text&#8221; background_layout=&#8221;dark&#8221; text_orientation=&#8221;center&#8221;]<\/p>\n<h1 style=\"text-align: center;\">Forfaits de r\u00e9f\u00e9rencement mensuel\u00a0(SEO)<\/h1>\n<p style=\"text-align: center;\">Le temps vous manque? Nos experts s\u2019occupent de tout!\u00a0 Vous ne pourrez que constater l\u2019\u00e9volution montante de votre <strong>site web<\/strong>.\u00a0 Jetez un \u0153il \u00e0 nos forfaits de <strong>r\u00e9f\u00e9rencement<\/strong> mensuels.<\/p>\n<p style=\"text-align: center;\"><img loading=\"lazy\" decoding=\"async\" class=\"aligncenter size-full wp-image-265\" src=\"https:\/\/sicay.net\/wp-content\/uploads\/2015\/02\/arrow-bottom.png\" alt=\"arrow-bottom\" width=\"100\" height=\"61\" \/><\/p>\n<p style=\"text-align: center;\">[\/et_pb_text][\/et_pb_column][\/et_pb_row][\/et_pb_section][et_pb_section background_color=&#8221;#3a3a3a&#8221; inner_shadow=&#8221;off&#8221; parallax=&#8221;on&#8221; background_image=&#8221;https:\/\/sicay.net\/wp-content\/uploads\/2015\/02\/Sicay-referencement-seo.png&#8221; transparent_background=&#8221;off&#8221; parallax_method=&#8221;off&#8221;][et_pb_row][et_pb_column type=&#8221;4_4&#8243;][et_pb_pricing_tables admin_label=&#8221;Pricing Table&#8221; module_class=&#8221;margin-t&#8221;][et_pb_pricing_table featured=&#8221;on&#8221; title=&#8221;Analyse et taux de conversion&#8221; currency=&#8221;$&#8221; sum=&#8221;350&#8243;]+<strong>Optimisation<\/strong> du taux de conversion des pages gr\u00e2ce \u00e0 des tests et analyses<br \/>\n+Gestion et <strong>optimisation<\/strong>\u00a0de votre <strong>site web<\/strong> avec les outils <strong>Google Analytics<\/strong>, <strong>Google Webmaster Tool<\/strong> et <strong>Google Adwords<\/strong><br \/>\n+Suivi journalier et analyse des statistiques de fr\u00e9quentation du <strong>site web<\/strong><br \/>\n+Suivi journalier des impressions naturelles et probl\u00e9matiques du site<br \/>\n+<strong>Optimisation<\/strong> et modification sur le site selon les analyses pr\u00e9c\u00e9dentes<br \/>\n+Modifications sur le <strong>site web<\/strong> pour am\u00e9liorer la <strong>conversion<\/strong><br \/>\n+Un rapport mensuel est inclus[\/et_pb_pricing_table][et_pb_pricing_table featured=&#8221;off&#8221; title=&#8221;Analyse et taux de conversion + Adwords&#8221; currency=&#8221;$&#8221; sum=&#8221;400&#8243;]+<strong>Optimisation<\/strong> du <strong>taux de conversion<\/strong> des pages gr\u00e2ce \u00e0 des tests et analyses<br \/>\n+Gestion et <strong>optimisation<\/strong> avec les outils <strong>Google Analytics<\/strong>, <strong>Google Webmaster Tool<\/strong> et <strong>Google Adwords<\/strong><br \/>\n+Suivi journalier des <strong>PPC<\/strong> (Pay per click) et analyse des statistiques de fr\u00e9quentation du <strong>site web<\/strong><br \/>\n+Ajustement des <strong>PPC<\/strong> (Pay per click) au besoin<br \/>\n+Suivi journalier et analyse des statistiques de fr\u00e9quentation du <strong>site web<\/strong><br \/>\n+Suivi journalier des impressions naturelles et probl\u00e9matiques du <strong>site web<\/strong><br \/>\n+<strong>Optimisation<\/strong> et modification sur le <strong>site<\/strong> selon les analyses pr\u00e9c\u00e9dentes<br \/>\n+Modification sur le <strong>site<\/strong> pour am\u00e9liorer la <strong>conversion<\/strong>*<br \/>\n+Un rapport mensuel est inclus[\/et_pb_pricing_table][\/et_pb_pricing_tables][\/et_pb_column][\/et_pb_row][\/et_pb_section][et_pb_section fullwidth=&#8221;off&#8221; specialty=&#8221;off&#8221; background_color=&#8221;#f7f7f7&#8243; inner_shadow=&#8221;off&#8221; parallax=&#8221;off&#8221;][et_pb_row][et_pb_column type=&#8221;4_4&#8243;][et_pb_cta admin_label=&#8221;Call To Action&#8221; title=&#8221;Vous aimeriez que l&#8217;on s&#8217;occupe de vous?&#8221; button_url=&#8221;https:\/\/sicay.net\/contact&#8221; button_text=&#8221;Contactez-nous!&#8221; use_background_color=&#8221;off&#8221; background_color=&#8221;#2ea3f2&#8243; background_layout=&#8221;light&#8221; text_orientation=&#8221;center&#8221; \/][\/et_pb_column][\/et_pb_row][\/et_pb_section]<\/p>\n<span class=\"et_bloom_bottom_trigger\"><\/span>","protected":false},"excerpt":{"rendered":"<p>Une fois votre site web d\u2019entreprise cr\u00e9\u00e9, un service de\u00a0r\u00e9f\u00e9rencement de site web (SEO) et d&#8217;optimisation de contenu web\u00a0sont\u00a0crucial pour votre visibilit\u00e9 et pour assurer le retour sur investissement de votre nouveau site web. Sans un bon\u00a0r\u00e9f\u00e9rencement de site web (SEO) et une\u00a0optimisation de contenu de votre site, vous n\u2019aurez presque\u00a0aucun visiteur sur votre site [&hellip;]<\/p>\n","protected":false},"author":1,"featured_media":0,"parent":0,"menu_order":0,"comment_status":"open","ping_status":"open","template":"","meta":{"_et_pb_use_builder":"on","_et_pb_old_content":"","_et_gb_content_width":"","footnotes":""},"class_list":["post-712","page","type-page","status-publish","hentry"],"yoast_head":"<!-- This site is optimized with the Yoast SEO plugin v27.3 - https:\/\/yoast.com\/product\/yoast-seo-wordpress\/ -->\n<title>R\u00e9f\u00e9rencement de site web - Sicay<\/title>\n<meta name=\"robots\" content=\"index, follow, max-snippet:-1, max-image-preview:large, max-video-preview:-1\" \/>\n<link rel=\"canonical\" href=\"https:\/\/sicay.net\/en\/referencement-de-site-web\/\" \/>\n<meta property=\"og:locale\" content=\"en_US\" \/>\n<meta property=\"og:type\" content=\"article\" \/>\n<meta property=\"og:title\" content=\"R\u00e9f\u00e9rencement de site web - Sicay\" \/>\n<meta property=\"og:description\" content=\"Une fois votre site web d\u2019entreprise cr\u00e9\u00e9, un service de\u00a0r\u00e9f\u00e9rencement de site web (SEO) et d&#039;optimisation de contenu web\u00a0sont\u00a0crucial pour votre visibilit\u00e9 et pour assurer le retour sur investissement de votre nouveau site web. Sans un bon\u00a0r\u00e9f\u00e9rencement de site web (SEO) et une\u00a0optimisation de contenu de votre site, vous n\u2019aurez presque\u00a0aucun visiteur sur votre site [&hellip;]\" \/>\n<meta property=\"og:url\" content=\"https:\/\/sicay.net\/en\/referencement-de-site-web\/\" \/>\n<meta property=\"og:site_name\" content=\"Sicay\" \/>\n<meta property=\"article:publisher\" content=\"https:\/\/www.facebook.com\/sicay.ca\/\" \/>\n<meta property=\"og:image\" content=\"https:\/\/sicay.net\/wp-content\/uploads\/2015\/02\/arrow-bottom.png\" \/>\n<meta name=\"twitter:card\" content=\"summary_large_image\" \/>\n<meta name=\"twitter:label1\" content=\"Est. reading time\" \/>\n\t<meta name=\"twitter:data1\" content=\"6 minutes\" \/>\n<script type=\"application\/ld+json\" class=\"yoast-schema-graph\">{\"@context\":\"https:\\\/\\\/schema.org\",\"@graph\":[{\"@type\":\"WebPage\",\"@id\":\"https:\\\/\\\/sicay.net\\\/en\\\/referencement-de-site-web\\\/\",\"url\":\"https:\\\/\\\/sicay.net\\\/en\\\/referencement-de-site-web\\\/\",\"name\":\"R\u00e9f\u00e9rencement de site web - Sicay\",\"isPartOf\":{\"@id\":\"https:\\\/\\\/sicay.net\\\/#website\"},\"primaryImageOfPage\":{\"@id\":\"https:\\\/\\\/sicay.net\\\/en\\\/referencement-de-site-web\\\/#primaryimage\"},\"image\":{\"@id\":\"https:\\\/\\\/sicay.net\\\/en\\\/referencement-de-site-web\\\/#primaryimage\"},\"thumbnailUrl\":\"https:\\\/\\\/sicay.net\\\/wp-content\\\/uploads\\\/2015\\\/02\\\/arrow-bottom.png\",\"datePublished\":\"2015-10-21T16:24:09+00:00\",\"breadcrumb\":{\"@id\":\"https:\\\/\\\/sicay.net\\\/en\\\/referencement-de-site-web\\\/#breadcrumb\"},\"inLanguage\":\"en-US\",\"potentialAction\":[{\"@type\":\"ReadAction\",\"target\":[\"https:\\\/\\\/sicay.net\\\/en\\\/referencement-de-site-web\\\/\"]}]},{\"@type\":\"ImageObject\",\"inLanguage\":\"en-US\",\"@id\":\"https:\\\/\\\/sicay.net\\\/en\\\/referencement-de-site-web\\\/#primaryimage\",\"url\":\"https:\\\/\\\/sicay.net\\\/wp-content\\\/uploads\\\/2015\\\/02\\\/arrow-bottom.png\",\"contentUrl\":\"https:\\\/\\\/sicay.net\\\/wp-content\\\/uploads\\\/2015\\\/02\\\/arrow-bottom.png\"},{\"@type\":\"BreadcrumbList\",\"@id\":\"https:\\\/\\\/sicay.net\\\/en\\\/referencement-de-site-web\\\/#breadcrumb\",\"itemListElement\":[{\"@type\":\"ListItem\",\"position\":1,\"name\":\"Accueil\",\"item\":\"https:\\\/\\\/sicay.net\\\/en\\\/\"},{\"@type\":\"ListItem\",\"position\":2,\"name\":\"R\u00e9f\u00e9rencement de site web\"}]},{\"@type\":\"WebSite\",\"@id\":\"https:\\\/\\\/sicay.net\\\/#website\",\"url\":\"https:\\\/\\\/sicay.net\\\/\",\"name\":\"Sicay\",\"description\":\"Just another WordPress site\",\"potentialAction\":[{\"@type\":\"SearchAction\",\"target\":{\"@type\":\"EntryPoint\",\"urlTemplate\":\"https:\\\/\\\/sicay.net\\\/?s={search_term_string}\"},\"query-input\":{\"@type\":\"PropertyValueSpecification\",\"valueRequired\":true,\"valueName\":\"search_term_string\"}}],\"inLanguage\":\"en-US\"}]}<\/script>\n<!-- \/ Yoast SEO plugin. -->","yoast_head_json":{"title":"R\u00e9f\u00e9rencement de site web - Sicay","robots":{"index":"index","follow":"follow","max-snippet":"max-snippet:-1","max-image-preview":"max-image-preview:large","max-video-preview":"max-video-preview:-1"},"canonical":"https:\/\/sicay.net\/en\/referencement-de-site-web\/","og_locale":"en_US","og_type":"article","og_title":"R\u00e9f\u00e9rencement de site web - Sicay","og_description":"Une fois votre site web d\u2019entreprise cr\u00e9\u00e9, un service de\u00a0r\u00e9f\u00e9rencement de site web (SEO) et d'optimisation de contenu web\u00a0sont\u00a0crucial pour votre visibilit\u00e9 et pour assurer le retour sur investissement de votre nouveau site web. Sans un bon\u00a0r\u00e9f\u00e9rencement de site web (SEO) et une\u00a0optimisation de contenu de votre site, vous n\u2019aurez presque\u00a0aucun visiteur sur votre site [&hellip;]","og_url":"https:\/\/sicay.net\/en\/referencement-de-site-web\/","og_site_name":"Sicay","article_publisher":"https:\/\/www.facebook.com\/sicay.ca\/","og_image":[{"url":"https:\/\/sicay.net\/wp-content\/uploads\/2015\/02\/arrow-bottom.png","type":"","width":"","height":""}],"twitter_card":"summary_large_image","twitter_misc":{"Est. reading time":"6 minutes"},"schema":{"@context":"https:\/\/schema.org","@graph":[{"@type":"WebPage","@id":"https:\/\/sicay.net\/en\/referencement-de-site-web\/","url":"https:\/\/sicay.net\/en\/referencement-de-site-web\/","name":"R\u00e9f\u00e9rencement de site web - Sicay","isPartOf":{"@id":"https:\/\/sicay.net\/#website"},"primaryImageOfPage":{"@id":"https:\/\/sicay.net\/en\/referencement-de-site-web\/#primaryimage"},"image":{"@id":"https:\/\/sicay.net\/en\/referencement-de-site-web\/#primaryimage"},"thumbnailUrl":"https:\/\/sicay.net\/wp-content\/uploads\/2015\/02\/arrow-bottom.png","datePublished":"2015-10-21T16:24:09+00:00","breadcrumb":{"@id":"https:\/\/sicay.net\/en\/referencement-de-site-web\/#breadcrumb"},"inLanguage":"en-US","potentialAction":[{"@type":"ReadAction","target":["https:\/\/sicay.net\/en\/referencement-de-site-web\/"]}]},{"@type":"ImageObject","inLanguage":"en-US","@id":"https:\/\/sicay.net\/en\/referencement-de-site-web\/#primaryimage","url":"https:\/\/sicay.net\/wp-content\/uploads\/2015\/02\/arrow-bottom.png","contentUrl":"https:\/\/sicay.net\/wp-content\/uploads\/2015\/02\/arrow-bottom.png"},{"@type":"BreadcrumbList","@id":"https:\/\/sicay.net\/en\/referencement-de-site-web\/#breadcrumb","itemListElement":[{"@type":"ListItem","position":1,"name":"Accueil","item":"https:\/\/sicay.net\/en\/"},{"@type":"ListItem","position":2,"name":"R\u00e9f\u00e9rencement de site web"}]},{"@type":"WebSite","@id":"https:\/\/sicay.net\/#website","url":"https:\/\/sicay.net\/","name":"Sicay","description":"Just another WordPress site","potentialAction":[{"@type":"SearchAction","target":{"@type":"EntryPoint","urlTemplate":"https:\/\/sicay.net\/?s={search_term_string}"},"query-input":{"@type":"PropertyValueSpecification","valueRequired":true,"valueName":"search_term_string"}}],"inLanguage":"en-US"}]}},"amp_enabled":true,"_links":{"self":[{"href":"https:\/\/sicay.net\/en\/wp-json\/wp\/v2\/pages\/712","targetHints":{"allow":["GET"]}}],"collection":[{"href":"https:\/\/sicay.net\/en\/wp-json\/wp\/v2\/pages"}],"about":[{"href":"https:\/\/sicay.net\/en\/wp-json\/wp\/v2\/types\/page"}],"author":[{"embeddable":true,"href":"https:\/\/sicay.net\/en\/wp-json\/wp\/v2\/users\/1"}],"replies":[{"embeddable":true,"href":"https:\/\/sicay.net\/en\/wp-json\/wp\/v2\/comments?post=712"}],"version-history":[{"count":1,"href":"https:\/\/sicay.net\/en\/wp-json\/wp\/v2\/pages\/712\/revisions"}],"predecessor-version":[{"id":713,"href":"https:\/\/sicay.net\/en\/wp-json\/wp\/v2\/pages\/712\/revisions\/713"}],"wp:attachment":[{"href":"https:\/\/sicay.net\/en\/wp-json\/wp\/v2\/media?parent=712"}],"curies":[{"name":"wp","href":"https:\/\/api.w.org\/{rel}","templated":true}]}}